{"id":12389,"date":"2016-10-12T14:57:33","date_gmt":"2016-10-12T14:57:33","guid":{"rendered":"http:\/\/inceptum.de\/dvl\/?page_id=12389"},"modified":"2016-10-12T14:57:33","modified_gmt":"2016-10-12T14:57:33","slug":"personalakte","status":"publish","type":"page","link":"https:\/\/inceptum.de\/dvl\/loesungen\/personalwesen\/personalakte\/","title":{"rendered":"Personalakte"},"content":{"rendered":"<div class=\"fusion-fullwidth fullwidth-box fusion-fullwidth-1  fusion-parallax-none nonhundred-percent-fullwidth\" style=\"border-color:#eae9e9;border-bottom-width: 0px;border-top-width: 0px;border-bottom-style: solid;border-top-style: solid;padding-bottom:20px;padding-top:20px;padding-left:0px;padding-right:0px;\"><style type=\"text\/css\" scoped=\"scoped\">.fusion-fullwidth-1 {\n                            padding-left: 0px !important;\n                            padding-right: 0px !important;\n                        }<\/style><div class=\"fusion-row\"><h2 class=\"margin-20\">Behalten Sie alle Informationen Ihrer Mitarbeiter im Blick.<br \/>\n\u00dcbersichtlich, einfach, sicher<\/h2>\n<ul class=\"bullet\">\n<li><strong>Kostenersparnis<\/strong>: Reduzieren Sie Ihre Papierakten und sparen Sie bares Geld f\u00fcr Ordner, Regale, Lagerraum etc.<\/li>\n<li><strong>Zeitgewinn<\/strong>: Verk\u00fcrzen Sie die Zeit bei der Suche nach Dokumenten und deren Bereitstellung.<\/li>\n<li><strong>Transparenz<\/strong>: Ihre Mitarbeiter und F\u00fchrungskr\u00e4fte erhalten Zugriff auf die f\u00fcr sie relevanten Personalakten. Per Mausklick k\u00f6nnen sie gespeicherte Daten, Listen oder die eigene digitale Personalakte jederzeit einsehen.<\/li>\n<li><strong>Erh\u00f6hter Datenschutz<\/strong>: Eine individuelle Rechteverteilung gew\u00e4hrleistet Ihnen einen sicheren Zugang zur digitalen Personalakte und sch\u00fctzt vor unberechtigten Zugriffen.<\/li>\n<li><strong>Einfache Suche<\/strong>: Machen Sie Schluss mit Abheften, Suchen und Kopieren von Personaldokumenten. Vielmehr finden Sie alles zentral an einem Platz in Ihrem mitarbeiterbezogenen, digitalen Archiv mit allen Dokumenten \u2013 von der Bewerbung bis zum Austritt.<\/li>\n<li><strong>Revisionssichere digitale Personalakte<\/strong>: Archivieren Sie Ihre Personaldokumente revisionssicher digital und halten Sie Aufbewahrungspflichten ein. Automatisieren Sie die digitale Archivierung Ihrer Lohn- und Personaldokumente, vermeiden Sie so Aufwand und Risiken umfangreicher Papierakten.<\/li>\n<li><strong>Standort\u00fcbergreifende Ablage<\/strong>: Stellen Sie zudem alle relevanten Dokumente standort\u00fcbergreifend bereit. Somit wird Ihnen ein dezentrales Arbeiten erm\u00f6glicht. Mittels Verschlagwortung sind alle Personaldokumente schnell und einfach auffindbar.<\/li>\n<\/ul>\n<\/div><\/div><p><img loading=\"lazy\" class=\"aligncenter wp-image-12353 size-full\" src=\"http:\/\/inceptum.de\/dvl\/wp-content\/uploads\/2015\/11\/personalakte.png\" alt=\"Sage_Personalakte\" width=\"788\" height=\"432\" srcset=\"https:\/\/inceptum.de\/dvl\/wp-content\/uploads\/2015\/11\/personalakte.png 788w, https:\/\/inceptum.de\/dvl\/wp-content\/uploads\/2015\/11\/personalakte-300x164.png 300w, https:\/\/inceptum.de\/dvl\/wp-content\/uploads\/2015\/11\/personalakte-768x421.png 768w\" sizes=\"(max-width: 788px) 100vw, 788px\" \/><\/p>\n\n","protected":false},"excerpt":{"rendered":"","protected":false},"author":8,"featured_media":0,"parent":12135,"menu_order":0,"comment_status":"closed","ping_status":"closed","template":"","meta":[],"yoast_head":"<!-- This site is optimized with the Yoast SEO plugin v15.9 - https:\/\/yoast.com\/wordpress\/plugins\/seo\/ -->\n<title>Personalakte - Inceptum DV-L\u00f6sungen GmbH<\/title>\n<meta name=\"robots\" content=\"index, follow, max-snippet:-1, max-image-preview:large, max-video-preview:-1\" \/>\n<link rel=\"canonical\" href=\"https:\/\/inceptum.de\/dvl\/loesungen\/personalwesen\/personalakte\/\" \/>\n<meta property=\"og:locale\" content=\"de_DE\" \/>\n<meta property=\"og:type\" content=\"article\" \/>\n<meta property=\"og:title\" content=\"Personalakte - Inceptum DV-L\u00f6sungen GmbH\" \/>\n<meta property=\"og:url\" content=\"https:\/\/inceptum.de\/dvl\/loesungen\/personalwesen\/personalakte\/\" \/>\n<meta property=\"og:site_name\" content=\"Inceptum DV-L\u00f6sungen GmbH\" \/>\n<meta property=\"og:image\" content=\"http:\/\/inceptum.de\/dvl\/wp-content\/uploads\/2015\/11\/personalakte.png\" \/>\n<meta name=\"twitter:card\" content=\"summary\" \/>\n<meta name=\"twitter:label1\" content=\"Gesch\u00e4tzte Lesezeit\">\n\t<meta name=\"twitter:data1\" content=\"1\u00a0Minute\">\n<script type=\"application\/ld+json\" class=\"yoast-schema-graph\">{\"@context\":\"https:\/\/schema.org\",\"@graph\":[{\"@type\":\"Organization\",\"@id\":\"https:\/\/inceptum.de\/dvl\/#organization\",\"name\":\"Inceptum DV-L\\u00f6sungen GmbH\",\"url\":\"https:\/\/inceptum.de\/dvl\/\",\"sameAs\":[],\"logo\":{\"@type\":\"ImageObject\",\"@id\":\"https:\/\/inceptum.de\/dvl\/#logo\",\"inLanguage\":\"de\",\"url\":\"https:\/\/inceptum.de\/dvl\/wp-content\/uploads\/2015\/09\/Logo_blau.png\",\"width\":2897,\"height\":781,\"caption\":\"Inceptum DV-L\\u00f6sungen GmbH\"},\"image\":{\"@id\":\"https:\/\/inceptum.de\/dvl\/#logo\"}},{\"@type\":\"WebSite\",\"@id\":\"https:\/\/inceptum.de\/dvl\/#website\",\"url\":\"https:\/\/inceptum.de\/dvl\/\",\"name\":\"Inceptum DV-L\\u00f6sungen GmbH\",\"description\":\"Kaufm\\u00e4nnische Softwarel\\u00f6sungen f\\u00fcr den Mittelstand\",\"publisher\":{\"@id\":\"https:\/\/inceptum.de\/dvl\/#organization\"},\"potentialAction\":[{\"@type\":\"SearchAction\",\"target\":\"https:\/\/inceptum.de\/dvl\/?s={search_term_string}\",\"query-input\":\"required name=search_term_string\"}],\"inLanguage\":\"de\"},{\"@type\":\"ImageObject\",\"@id\":\"https:\/\/inceptum.de\/dvl\/loesungen\/personalwesen\/personalakte\/#primaryimage\",\"inLanguage\":\"de\",\"url\":\"http:\/\/inceptum.de\/dvl\/wp-content\/uploads\/2015\/11\/personalakte.png\"},{\"@type\":\"WebPage\",\"@id\":\"https:\/\/inceptum.de\/dvl\/loesungen\/personalwesen\/personalakte\/#webpage\",\"url\":\"https:\/\/inceptum.de\/dvl\/loesungen\/personalwesen\/personalakte\/\",\"name\":\"Personalakte - Inceptum DV-L\\u00f6sungen GmbH\",\"isPartOf\":{\"@id\":\"https:\/\/inceptum.de\/dvl\/#website\"},\"primaryImageOfPage\":{\"@id\":\"https:\/\/inceptum.de\/dvl\/loesungen\/personalwesen\/personalakte\/#primaryimage\"},\"datePublished\":\"2016-10-12T14:57:33+00:00\",\"dateModified\":\"2016-10-12T14:57:33+00:00\",\"breadcrumb\":{\"@id\":\"https:\/\/inceptum.de\/dvl\/loesungen\/personalwesen\/personalakte\/#breadcrumb\"},\"inLanguage\":\"de\",\"potentialAction\":[{\"@type\":\"ReadAction\",\"target\":[\"https:\/\/inceptum.de\/dvl\/loesungen\/personalwesen\/personalakte\/\"]}]},{\"@type\":\"BreadcrumbList\",\"@id\":\"https:\/\/inceptum.de\/dvl\/loesungen\/personalwesen\/personalakte\/#breadcrumb\",\"itemListElement\":[{\"@type\":\"ListItem\",\"position\":1,\"item\":{\"@type\":\"WebPage\",\"@id\":\"https:\/\/inceptum.de\/dvl\/\",\"url\":\"https:\/\/inceptum.de\/dvl\/\",\"name\":\"Home\"}},{\"@type\":\"ListItem\",\"position\":2,\"item\":{\"@type\":\"WebPage\",\"@id\":\"https:\/\/inceptum.de\/dvl\/loesungen\/\",\"url\":\"https:\/\/inceptum.de\/dvl\/loesungen\/\",\"name\":\"L\\u00f6sungen\"}},{\"@type\":\"ListItem\",\"position\":3,\"item\":{\"@type\":\"WebPage\",\"@id\":\"https:\/\/inceptum.de\/dvl\/loesungen\/personalwesen\/\",\"url\":\"https:\/\/inceptum.de\/dvl\/loesungen\/personalwesen\/\",\"name\":\"Personalwesen\"}},{\"@type\":\"ListItem\",\"position\":4,\"item\":{\"@type\":\"WebPage\",\"@id\":\"https:\/\/inceptum.de\/dvl\/loesungen\/personalwesen\/personalakte\/\",\"url\":\"https:\/\/inceptum.de\/dvl\/loesungen\/personalwesen\/personalakte\/\",\"name\":\"Personalakte\"}}]}]}<\/script>\n<!-- \/ Yoast SEO plugin. -->","_links":{"self":[{"href":"https:\/\/inceptum.de\/dvl\/wp-json\/wp\/v2\/pages\/12389"}],"collection":[{"href":"https:\/\/inceptum.de\/dvl\/wp-json\/wp\/v2\/pages"}],"about":[{"href":"https:\/\/inceptum.de\/dvl\/wp-json\/wp\/v2\/types\/page"}],"author":[{"embeddable":true,"href":"https:\/\/inceptum.de\/dvl\/wp-json\/wp\/v2\/users\/8"}],"replies":[{"embeddable":true,"href":"https:\/\/inceptum.de\/dvl\/wp-json\/wp\/v2\/comments?post=12389"}],"version-history":[{"count":1,"href":"https:\/\/inceptum.de\/dvl\/wp-json\/wp\/v2\/pages\/12389\/revisions"}],"predecessor-version":[{"id":12390,"href":"https:\/\/inceptum.de\/dvl\/wp-json\/wp\/v2\/pages\/12389\/revisions\/12390"}],"up":[{"embeddable":true,"href":"https:\/\/inceptum.de\/dvl\/wp-json\/wp\/v2\/pages\/12135"}],"wp:attachment":[{"href":"https:\/\/inceptum.de\/dvl\/wp-json\/wp\/v2\/media?parent=12389"}],"curies":[{"name":"wp","href":"https:\/\/api.w.org\/{rel}","templated":true}]}}