{"id":12250,"date":"2015-11-04T14:16:31","date_gmt":"2015-11-04T14:16:31","guid":{"rendered":"http:\/\/inceptum.de\/dvl\/?page_id=12250"},"modified":"2017-02-22T13:58:08","modified_gmt":"2017-02-22T13:58:08","slug":"sponsoring","status":"publish","type":"page","link":"https:\/\/inceptum.de\/dvl\/ueber-uns\/sponsoring\/","title":{"rendered":"Sponsoring"},"content":{"rendered":"<div class=\"fusion-fullwidth fullwidth-box fusion-fullwidth-1  fusion-parallax-none nonhundred-percent-fullwidth\" style=\"border-color:#eae9e9;border-bottom-width: 0px;border-top-width: 0px;border-bottom-style: solid;border-top-style: solid;padding-bottom:20px;padding-top:20px;padding-left:0px;padding-right:0px;\"><style type=\"text\/css\" scoped=\"scoped\">.fusion-fullwidth-1 {\n                            padding-left: 0px !important;\n                            padding-right: 0px !important;\n                        }<\/style><div class=\"fusion-row\"><p>Inceptum DV-L\u00f6sungen GmbH engagiert sich seit Jahren in lokalen Sportvereine. Z.B.:<\/p>\n<p><img loading=\"lazy\" class=\"alignleft size-medium wp-image-323\" title=\"roosters_team\" src=\"http:\/\/www.inceptum.de\/dvl\/wp-content\/uploads\/2012\/04\/roosters_team-300x168.png\" alt=\"\" width=\"300\" height=\"168\" \/> Iserlohn Roosters<a href=\"http:\/\/www.inceptum.de\/dvl\/wp-content\/uploads\/2012\/04\/unterstuetzerclub-2012.jpg\"><img loading=\"lazy\" class=\"alignright size-full wp-image-322\" title=\"Roosters Unterst\u00fctzerclub 2012\" src=\"http:\/\/www.inceptum.de\/dvl\/wp-content\/uploads\/2012\/04\/unterstuetzerclub-2012.jpg\" alt=\"\" width=\"110\" height=\"110\" \/><\/a><br \/>\nDie <strong>Iserlohn Roosters<\/strong> (<a title=\"Liste der IPA-Zeichen\" href=\"http:\/\/de.wikipedia.org\/wiki\/Liste_der_IPA-Zeichen\">Aussprache<\/a>: [&#8216;ru:st\u0259z]), <em>(rooster engl. = der Hahn)<\/em> sind die in eine <a title=\"Gesellschaft mit beschr\u00e4nkter Haftung\" href=\"http:\/\/de.wikipedia.org\/wiki\/Gesellschaft_mit_beschr%C3%A4nkter_Haftung\">GmbH<\/a> ausgegliederte Profimannschaft des <em>Iserlohner EC<\/em> (kurz: <em>IEC<\/em>), eines <a title=\"Eishockey\" href=\"http:\/\/de.wikipedia.org\/wiki\/Eishockey\">Eishockeyvereins<\/a> aus <a title=\"Iserlohn\" href=\"http:\/\/de.wikipedia.org\/wiki\/Iserlohn\">Iserlohn<\/a>, <a title=\"Nordrhein-Westfalen\" href=\"http:\/\/de.wikipedia.org\/wiki\/Nordrhein-Westfalen\">Nordrhein-Westfalen<\/a>. Der Club wurde offiziell 1994 gegr\u00fcndet und im Jahre 2000 mit dem Aufstieg in die <a title=\"Deutsche Eishockey Liga\" href=\"http:\/\/de.wikipedia.org\/wiki\/Deutsche_Eishockey_Liga\">Deutschen Eishockey Liga<\/a> in die Iserlohn Roosters GmbH ausgelagert. Seine Urspr\u00fcnge gehen auf den <em>EC Deilinghofen<\/em> zur\u00fcck, der 1959 gegr\u00fcndet worden war.<\/p>\n<p>Die Spielst\u00e4tte der Roosters ist die <a title=\"Eissporthalle Iserlohn\" href=\"http:\/\/de.wikipedia.org\/wiki\/Eissporthalle_Iserlohn\">Eissporthalle Iserlohn<\/a>, die Vereinsfarben sind blau-wei\u00df.<\/p>\n<p>&nbsp;<\/p>\n<p>&nbsp;<\/p>\n<p>&nbsp;<\/p>\n<p><a href=\"http:\/\/www.inceptum.de\/dvl\/wp-content\/uploads\/2012\/04\/d3ca9cb7ef.jpg\"><img loading=\"lazy\" class=\"alignleft size-medium wp-image-324\" title=\"VfK Iserlohn 1888\" src=\"http:\/\/www.inceptum.de\/dvl\/wp-content\/uploads\/2012\/04\/d3ca9cb7ef-300x145.jpg\" alt=\"\" width=\"300\" height=\"145\" \/><\/a>VfK Iserlohn 1888<br \/>\nDer <strong>VfK Iserlohn<\/strong> ist ein familienfreundlicher Verein, der erfolgreich seinen Mitgliedern in vielen Bereichen des Sports weitreichende, sportliche Bet\u00e4tigungsfelder zur Verf\u00fcgung stellt. Die Fu\u00dfball-Abteilung ist von der Mitgliederzahl her die gr\u00f6\u00dfte Abteilung.<\/p>\n<p>Die Jugendabteilung betreut hier wiederum die meisten Mitglieder.<br \/>\nSie ist mit 12 Mannschaften eine der gr\u00f6\u00dften Jugendabteilungen im Kreis, worauf wir auch sehr stolz sind!<\/p>\n<p>In der Senioren Abteilung spielt unsere 1.Mannschaft seit einem Jahr in der Bezirksliga Gruppe 7. Die sportliche Marschroute ist vorerst die Etablierung in dieser Klasse und langfristig auch der Aufstieg in die Landesliga.<\/p>\n<p>Im Winter 2009 kam Trainer Ingo M\u00fcsse zum VfK und \u00fcbernahm die sportliche F\u00fchrung im Verein.Als Trainer der 1.Mannschaft kann er in einem guten Umfeld und mit einer guten Jugend, mit jungen und talentierten Spielern diese f\u00fcr uns derzeit sehr hohen Ziele, vielleicht bald erreichen.<\/p>\n<p>Wir w\u00fcnschen ihm alle und der Mannschaft viel Erfolg dabei.<\/p>\n<p>Aber auch die gesamte Abteilung befindet sich in einem wohltuendem Aufschwung.<br \/>\nDie Vorst\u00e4nde haben die Zeit erkannt und planen mit jungen Leuten, um den Verein auch nach aussen hin weiter gut repr\u00e4sentieren zu k\u00f6nnen!<\/p>\n<p>Bis bald mal &#8230; im wundersch\u00f6nen <strong>Inceptum Stadion<\/strong>, direkt im Naherholungsgebiet Iserlohn.<\/p>\n<p><a href=\"http:\/\/www.inceptum.de\/dvl\/wp-content\/uploads\/2012\/04\/inceptum_stadion.jpg\"><img loading=\"lazy\" class=\"alignleft size-medium wp-image-278\" title=\"Inceptum Stadion\" src=\"http:\/\/www.inceptum.de\/dvl\/wp-content\/uploads\/2012\/04\/inceptum_stadion-300x225.jpg\" alt=\"\" width=\"300\" height=\"225\" \/><\/a><\/p>\n<\/div><\/div>\n","protected":false},"excerpt":{"rendered":"","protected":false},"author":8,"featured_media":0,"parent":12242,"menu_order":0,"comment_status":"closed","ping_status":"closed","template":"","meta":[],"yoast_head":"<!-- This site is optimized with the Yoast SEO plugin v15.9 - https:\/\/yoast.com\/wordpress\/plugins\/seo\/ -->\n<title>Sponsoring - Inceptum DV-L\u00f6sungen GmbH<\/title>\n<meta name=\"robots\" content=\"index, follow, max-snippet:-1, max-image-preview:large, max-video-preview:-1\" \/>\n<link rel=\"canonical\" href=\"https:\/\/inceptum.de\/dvl\/ueber-uns\/sponsoring\/\" \/>\n<meta property=\"og:locale\" content=\"de_DE\" \/>\n<meta property=\"og:type\" content=\"article\" \/>\n<meta property=\"og:title\" content=\"Sponsoring - Inceptum DV-L\u00f6sungen GmbH\" \/>\n<meta property=\"og:url\" content=\"https:\/\/inceptum.de\/dvl\/ueber-uns\/sponsoring\/\" \/>\n<meta property=\"og:site_name\" content=\"Inceptum DV-L\u00f6sungen GmbH\" \/>\n<meta property=\"article:modified_time\" content=\"2017-02-22T13:58:08+00:00\" \/>\n<meta property=\"og:image\" content=\"http:\/\/www.inceptum.de\/dvl\/wp-content\/uploads\/2012\/04\/roosters_team-300x168.png\" \/>\n<meta name=\"twitter:card\" content=\"summary\" \/>\n<meta name=\"twitter:label1\" content=\"Gesch\u00e4tzte Lesezeit\">\n\t<meta name=\"twitter:data1\" content=\"2\u00a0Minuten\">\n<script type=\"application\/ld+json\" class=\"yoast-schema-graph\">{\"@context\":\"https:\/\/schema.org\",\"@graph\":[{\"@type\":\"Organization\",\"@id\":\"https:\/\/inceptum.de\/dvl\/#organization\",\"name\":\"Inceptum DV-L\\u00f6sungen GmbH\",\"url\":\"https:\/\/inceptum.de\/dvl\/\",\"sameAs\":[],\"logo\":{\"@type\":\"ImageObject\",\"@id\":\"https:\/\/inceptum.de\/dvl\/#logo\",\"inLanguage\":\"de\",\"url\":\"https:\/\/inceptum.de\/dvl\/wp-content\/uploads\/2015\/09\/Logo_blau.png\",\"width\":2897,\"height\":781,\"caption\":\"Inceptum DV-L\\u00f6sungen GmbH\"},\"image\":{\"@id\":\"https:\/\/inceptum.de\/dvl\/#logo\"}},{\"@type\":\"WebSite\",\"@id\":\"https:\/\/inceptum.de\/dvl\/#website\",\"url\":\"https:\/\/inceptum.de\/dvl\/\",\"name\":\"Inceptum DV-L\\u00f6sungen GmbH\",\"description\":\"Kaufm\\u00e4nnische Softwarel\\u00f6sungen f\\u00fcr den Mittelstand\",\"publisher\":{\"@id\":\"https:\/\/inceptum.de\/dvl\/#organization\"},\"potentialAction\":[{\"@type\":\"SearchAction\",\"target\":\"https:\/\/inceptum.de\/dvl\/?s={search_term_string}\",\"query-input\":\"required name=search_term_string\"}],\"inLanguage\":\"de\"},{\"@type\":\"ImageObject\",\"@id\":\"https:\/\/inceptum.de\/dvl\/ueber-uns\/sponsoring\/#primaryimage\",\"inLanguage\":\"de\",\"url\":\"http:\/\/www.inceptum.de\/dvl\/wp-content\/uploads\/2012\/04\/roosters_team-300x168.png\"},{\"@type\":\"WebPage\",\"@id\":\"https:\/\/inceptum.de\/dvl\/ueber-uns\/sponsoring\/#webpage\",\"url\":\"https:\/\/inceptum.de\/dvl\/ueber-uns\/sponsoring\/\",\"name\":\"Sponsoring - Inceptum DV-L\\u00f6sungen GmbH\",\"isPartOf\":{\"@id\":\"https:\/\/inceptum.de\/dvl\/#website\"},\"primaryImageOfPage\":{\"@id\":\"https:\/\/inceptum.de\/dvl\/ueber-uns\/sponsoring\/#primaryimage\"},\"datePublished\":\"2015-11-04T14:16:31+00:00\",\"dateModified\":\"2017-02-22T13:58:08+00:00\",\"breadcrumb\":{\"@id\":\"https:\/\/inceptum.de\/dvl\/ueber-uns\/sponsoring\/#breadcrumb\"},\"inLanguage\":\"de\",\"potentialAction\":[{\"@type\":\"ReadAction\",\"target\":[\"https:\/\/inceptum.de\/dvl\/ueber-uns\/sponsoring\/\"]}]},{\"@type\":\"BreadcrumbList\",\"@id\":\"https:\/\/inceptum.de\/dvl\/ueber-uns\/sponsoring\/#breadcrumb\",\"itemListElement\":[{\"@type\":\"ListItem\",\"position\":1,\"item\":{\"@type\":\"WebPage\",\"@id\":\"https:\/\/inceptum.de\/dvl\/\",\"url\":\"https:\/\/inceptum.de\/dvl\/\",\"name\":\"Home\"}},{\"@type\":\"ListItem\",\"position\":2,\"item\":{\"@type\":\"WebPage\",\"@id\":\"https:\/\/inceptum.de\/dvl\/ueber-uns\/\",\"url\":\"https:\/\/inceptum.de\/dvl\/ueber-uns\/\",\"name\":\"\\u00dcber uns\"}},{\"@type\":\"ListItem\",\"position\":3,\"item\":{\"@type\":\"WebPage\",\"@id\":\"https:\/\/inceptum.de\/dvl\/ueber-uns\/sponsoring\/\",\"url\":\"https:\/\/inceptum.de\/dvl\/ueber-uns\/sponsoring\/\",\"name\":\"Sponsoring\"}}]}]}<\/script>\n<!-- \/ Yoast SEO plugin. -->","_links":{"self":[{"href":"https:\/\/inceptum.de\/dvl\/wp-json\/wp\/v2\/pages\/12250"}],"collection":[{"href":"https:\/\/inceptum.de\/dvl\/wp-json\/wp\/v2\/pages"}],"about":[{"href":"https:\/\/inceptum.de\/dvl\/wp-json\/wp\/v2\/types\/page"}],"author":[{"embeddable":true,"href":"https:\/\/inceptum.de\/dvl\/wp-json\/wp\/v2\/users\/8"}],"replies":[{"embeddable":true,"href":"https:\/\/inceptum.de\/dvl\/wp-json\/wp\/v2\/comments?post=12250"}],"version-history":[{"count":2,"href":"https:\/\/inceptum.de\/dvl\/wp-json\/wp\/v2\/pages\/12250\/revisions"}],"predecessor-version":[{"id":12590,"href":"https:\/\/inceptum.de\/dvl\/wp-json\/wp\/v2\/pages\/12250\/revisions\/12590"}],"up":[{"embeddable":true,"href":"https:\/\/inceptum.de\/dvl\/wp-json\/wp\/v2\/pages\/12242"}],"wp:attachment":[{"href":"https:\/\/inceptum.de\/dvl\/wp-json\/wp\/v2\/media?parent=12250"}],"curies":[{"name":"wp","href":"https:\/\/api.w.org\/{rel}","templated":true}]}}