{"id":12200,"date":"2015-11-04T13:43:20","date_gmt":"2015-11-04T13:43:20","guid":{"rendered":"http:\/\/inceptum.de\/dvl\/?page_id=12200"},"modified":"2023-08-20T22:05:56","modified_gmt":"2023-08-20T22:05:56","slug":"ueber-sage","status":"publish","type":"page","link":"https:\/\/inceptum.de\/dvl\/partner\/ueber-sage\/","title":{"rendered":"\u00dcber Sage"},"content":{"rendered":"<div class=\"fusion-fullwidth fullwidth-box fusion-fullwidth-1  fusion-parallax-none nonhundred-percent-fullwidth\" style=\"border-color:#eae9e9;border-bottom-width: 0px;border-top-width: 0px;border-bottom-style: solid;border-top-style: solid;padding-bottom:20px;padding-top:20px;padding-left:0px;padding-right:0px;\"><style type=\"text\/css\" scoped=\"scoped\">.fusion-fullwidth-1 {\n                            padding-left: 0px !important;\n                            padding-right: 0px !important;\n                        }<\/style><div class=\"fusion-row\"><div>\n<p><strong>Das Unternehmen<a href=\"http:\/\/inceptum.de\/dvl\/wp-content\/uploads\/2023\/08\/Sage-logo_svg.svg.png\"><img loading=\"lazy\" class=\"alignright wp-image-655\" src=\"http:\/\/dvl.inceptum.de\/wp-content\/uploads\/2015\/01\/Logo_SAGE.jpg\" alt=\"Logo_SAGE\" width=\"225\" height=\"127\"><\/a><\/strong><\/p>\n<p>Sage ist mit mehr als 6 Millionen Kunden weltweit einer der gr\u00f6\u00dften Anbieter von betriebswirtschaftlicher Software und Services. Mit \u00fcber 25 Jahren Erfahrung, 250.000 Kunden und mehr als 1.000 Fachh\u00e4ndlern ist Sage zugleich einer der Marktf\u00fchrer f\u00fcr betriebswirtschaftliche Software und Services im deutschen Mittelstand.<\/p>\n<p>Sage L\u00f6sungen sind speziell f\u00fcr die Bed\u00fcrfnisse lokaler M\u00e4rkte entwickelt. Sie helfen unseren Kunden &#8211; vom Kleinunternehmen bis hin zum gehobenen Mittelstand &#8211; ihr Gesch\u00e4ft erfolgreicher zu f\u00fchren.<\/p>\n<p>Unser Portfolio umfasst L\u00f6sungen f\u00fcr die Bereiche Warenwirtschaft und Produktion, Finanzbuchhaltung, Gesch\u00e4ftsanalyse, Personalwirtschaft und Kundenmanagement bis hin zu Spezial- und Branchenl\u00f6sungen. Ein ausgezeichneter Service rundet das Angebot ab.<\/p>\n<p>Im Vergleich zum Wettbewerb punktet Sage durch seine gro\u00dfe N\u00e4he zum Kunden und seine ausgezeichnete Servicequalit\u00e4t. Gleichzeitig steht das Unternehmen f\u00fcr wirtschaftliche Stabilit\u00e4t und Sicherheit. Einzigartig im Markt ist zudem die angebotene F\u00fclle an Produkten und hoch integrierten L\u00f6sungen, die Unternehmen zahlreiche Wachstumspfade bieten.<\/p>\n<\/div>\n<p><strong>Sage International<\/strong><\/p>\n<p>Sage ist ein Unternehmen der Sage Group plc (GB), die mit mehr als 6 Millionen Kunden und rund 12.300 Mitarbeitern zu den Weltmarktf\u00fchrern im Bereich Business Management Software und Services z\u00e4hlt.<\/p>\n<h2><\/h2>\n<p><strong>Was zeichnet Sage aus?<\/strong><\/p>\n<p>Die Bed\u00fcrfnisse von mittelst\u00e4ndischen Unternehmen sind mit denen eines Konzerns nicht zu vergleichen. So heterogen, wie die Gesch\u00e4ftst\u00e4tigkeiten des \u00fcber 3 Mio. Unternehmen umfassenden Mittelstandes sind, sind auch die Gesch\u00e4ftsprozesse, die es zu managen gilt. Das breite Produktfolio von Sage tr\u00e4gt dem Rechnung. Von der L\u00f6sung f\u00fcr \u201eEinsteiger\u201c \u00fcber hochentwickelte L\u00f6sungen f\u00fcr kleine, mittlere und gr\u00f6\u00dfere Unternehmen bis hin zu Spezial- und Branchenl\u00f6sungen finden Kunden bei Sage immer genau das, was deren Gesch\u00e4ft heute und in Zukunft braucht: wie z.B. Komplettl\u00f6sungen f\u00fcr Finanz- und Rechnungswesen, Warenwirtschaft und Produktion oder integrierte L\u00f6sungen f\u00fcr Personalwirtschaft, Customer-Relationship-Management, Controlling und eBusiness. \u00dcber 1.000 Vertriebspartner bieten umfassende Services: von der Beratung \u00fcber die Implementierung bis hin zur Schulung. \u00dcber 180 zertifizierte Branchen- und Speziall\u00f6sungen, entwickelt von geschulten Business Partnern, runden das L\u00f6sungsportfolio ab.<\/p>\n<h2><\/h2>\n<p><strong>Was macht Sage so erfolgreich?<\/strong><\/p>\n<p>Die wichtigste Unternehmensformel lautet &#8211; auf den Punkt gebracht \u2013Kundenorientierung plus Produktqualit\u00e4t. Seit \u00fcber 25 Jahren ist Sage darauf fokussiert, hochwertige, offene, skalierbare, zukunftssichere und leicht bedienbare Softwarel\u00f6sungen zu entwickeln. L\u00f6sungen, die einen hohen Grad an Standardfunktionen abdecken, schnell eingef\u00fchrt sind, das t\u00e4gliche Gesch\u00e4ft erleichtern und f\u00fcr mehr Transparenz in den Gesch\u00e4ftsprozessen sorgen.<\/p>\n<\/div><\/div>\n","protected":false},"excerpt":{"rendered":"","protected":false},"author":8,"featured_media":0,"parent":12192,"menu_order":0,"comment_status":"closed","ping_status":"closed","template":"","meta":[],"yoast_head":"<!-- This site is optimized with the Yoast SEO plugin v15.9 - https:\/\/yoast.com\/wordpress\/plugins\/seo\/ -->\n<title>\u00dcber Sage - Inceptum DV-L\u00f6sungen GmbH<\/title>\n<meta name=\"robots\" content=\"index, follow, max-snippet:-1, max-image-preview:large, max-video-preview:-1\" \/>\n<link rel=\"canonical\" href=\"https:\/\/inceptum.de\/dvl\/partner\/ueber-sage\/\" \/>\n<meta property=\"og:locale\" content=\"de_DE\" \/>\n<meta property=\"og:type\" content=\"article\" \/>\n<meta property=\"og:title\" content=\"\u00dcber Sage - Inceptum DV-L\u00f6sungen GmbH\" \/>\n<meta property=\"og:url\" content=\"https:\/\/inceptum.de\/dvl\/partner\/ueber-sage\/\" \/>\n<meta property=\"og:site_name\" content=\"Inceptum DV-L\u00f6sungen GmbH\" \/>\n<meta property=\"article:modified_time\" content=\"2023-08-20T22:05:56+00:00\" \/>\n<meta property=\"og:image\" content=\"http:\/\/dvl.inceptum.de\/wp-content\/uploads\/2015\/01\/Logo_SAGE.jpg\" \/>\n<meta name=\"twitter:card\" content=\"summary\" \/>\n<meta name=\"twitter:label1\" content=\"Gesch\u00e4tzte Lesezeit\">\n\t<meta name=\"twitter:data1\" content=\"2\u00a0Minuten\">\n<script type=\"application\/ld+json\" class=\"yoast-schema-graph\">{\"@context\":\"https:\/\/schema.org\",\"@graph\":[{\"@type\":\"Organization\",\"@id\":\"https:\/\/inceptum.de\/dvl\/#organization\",\"name\":\"Inceptum DV-L\\u00f6sungen GmbH\",\"url\":\"https:\/\/inceptum.de\/dvl\/\",\"sameAs\":[],\"logo\":{\"@type\":\"ImageObject\",\"@id\":\"https:\/\/inceptum.de\/dvl\/#logo\",\"inLanguage\":\"de\",\"url\":\"https:\/\/inceptum.de\/dvl\/wp-content\/uploads\/2015\/09\/Logo_blau.png\",\"width\":2897,\"height\":781,\"caption\":\"Inceptum DV-L\\u00f6sungen GmbH\"},\"image\":{\"@id\":\"https:\/\/inceptum.de\/dvl\/#logo\"}},{\"@type\":\"WebSite\",\"@id\":\"https:\/\/inceptum.de\/dvl\/#website\",\"url\":\"https:\/\/inceptum.de\/dvl\/\",\"name\":\"Inceptum DV-L\\u00f6sungen GmbH\",\"description\":\"Kaufm\\u00e4nnische Softwarel\\u00f6sungen f\\u00fcr den Mittelstand\",\"publisher\":{\"@id\":\"https:\/\/inceptum.de\/dvl\/#organization\"},\"potentialAction\":[{\"@type\":\"SearchAction\",\"target\":\"https:\/\/inceptum.de\/dvl\/?s={search_term_string}\",\"query-input\":\"required name=search_term_string\"}],\"inLanguage\":\"de\"},{\"@type\":\"ImageObject\",\"@id\":\"https:\/\/inceptum.de\/dvl\/partner\/ueber-sage\/#primaryimage\",\"inLanguage\":\"de\",\"url\":\"http:\/\/dvl.inceptum.de\/wp-content\/uploads\/2015\/01\/Logo_SAGE.jpg\"},{\"@type\":\"WebPage\",\"@id\":\"https:\/\/inceptum.de\/dvl\/partner\/ueber-sage\/#webpage\",\"url\":\"https:\/\/inceptum.de\/dvl\/partner\/ueber-sage\/\",\"name\":\"\\u00dcber Sage - Inceptum DV-L\\u00f6sungen GmbH\",\"isPartOf\":{\"@id\":\"https:\/\/inceptum.de\/dvl\/#website\"},\"primaryImageOfPage\":{\"@id\":\"https:\/\/inceptum.de\/dvl\/partner\/ueber-sage\/#primaryimage\"},\"datePublished\":\"2015-11-04T13:43:20+00:00\",\"dateModified\":\"2023-08-20T22:05:56+00:00\",\"breadcrumb\":{\"@id\":\"https:\/\/inceptum.de\/dvl\/partner\/ueber-sage\/#breadcrumb\"},\"inLanguage\":\"de\",\"potentialAction\":[{\"@type\":\"ReadAction\",\"target\":[\"https:\/\/inceptum.de\/dvl\/partner\/ueber-sage\/\"]}]},{\"@type\":\"BreadcrumbList\",\"@id\":\"https:\/\/inceptum.de\/dvl\/partner\/ueber-sage\/#breadcrumb\",\"itemListElement\":[{\"@type\":\"ListItem\",\"position\":1,\"item\":{\"@type\":\"WebPage\",\"@id\":\"https:\/\/inceptum.de\/dvl\/\",\"url\":\"https:\/\/inceptum.de\/dvl\/\",\"name\":\"Home\"}},{\"@type\":\"ListItem\",\"position\":2,\"item\":{\"@type\":\"WebPage\",\"@id\":\"https:\/\/inceptum.de\/dvl\/partner\/\",\"url\":\"https:\/\/inceptum.de\/dvl\/partner\/\",\"name\":\"Partner\"}},{\"@type\":\"ListItem\",\"position\":3,\"item\":{\"@type\":\"WebPage\",\"@id\":\"https:\/\/inceptum.de\/dvl\/partner\/ueber-sage\/\",\"url\":\"https:\/\/inceptum.de\/dvl\/partner\/ueber-sage\/\",\"name\":\"\\u00dcber Sage\"}}]}]}<\/script>\n<!-- \/ Yoast SEO plugin. -->","_links":{"self":[{"href":"https:\/\/inceptum.de\/dvl\/wp-json\/wp\/v2\/pages\/12200"}],"collection":[{"href":"https:\/\/inceptum.de\/dvl\/wp-json\/wp\/v2\/pages"}],"about":[{"href":"https:\/\/inceptum.de\/dvl\/wp-json\/wp\/v2\/types\/page"}],"author":[{"embeddable":true,"href":"https:\/\/inceptum.de\/dvl\/wp-json\/wp\/v2\/users\/8"}],"replies":[{"embeddable":true,"href":"https:\/\/inceptum.de\/dvl\/wp-json\/wp\/v2\/comments?post=12200"}],"version-history":[{"count":6,"href":"https:\/\/inceptum.de\/dvl\/wp-json\/wp\/v2\/pages\/12200\/revisions"}],"predecessor-version":[{"id":726625,"href":"https:\/\/inceptum.de\/dvl\/wp-json\/wp\/v2\/pages\/12200\/revisions\/726625"}],"up":[{"embeddable":true,"href":"https:\/\/inceptum.de\/dvl\/wp-json\/wp\/v2\/pages\/12192"}],"wp:attachment":[{"href":"https:\/\/inceptum.de\/dvl\/wp-json\/wp\/v2\/media?parent=12200"}],"curies":[{"name":"wp","href":"https:\/\/api.w.org\/{rel}","templated":true}]}}