{"id":12178,"date":"2015-11-04T13:30:23","date_gmt":"2015-11-04T13:30:23","guid":{"rendered":"http:\/\/inceptum.de\/dvl\/?page_id=12178"},"modified":"2015-11-04T13:30:23","modified_gmt":"2015-11-04T13:30:23","slug":"konzept","status":"publish","type":"page","link":"https:\/\/inceptum.de\/dvl\/loesungen\/erp\/inceptum-wms\/konzept\/","title":{"rendered":"Konzept"},"content":{"rendered":"<div class=\"fusion-fullwidth fullwidth-box fusion-fullwidth-1  fusion-parallax-none nonhundred-percent-fullwidth\" style=\"border-color:#eae9e9;border-bottom-width: 0px;border-top-width: 0px;border-bottom-style: solid;border-top-style: solid;padding-bottom:20px;padding-top:20px;padding-left:0px;padding-right:0px;\"><style type=\"text\/css\" scoped=\"scoped\">.fusion-fullwidth-1 {\n                            padding-left: 0px !important;\n                            padding-right: 0px !important;\n                        }<\/style><div class=\"fusion-row\"><p><img loading=\"lazy\" class=\"alignright\" style=\"border: 0pt none;\" title=\"Konzept\" src=\"http:\/\/sas.inceptum.de\/bilder\/konzept1.png\" alt=\"\" width=\"160\" height=\"160\" align=\"right\" \/><\/p>\n<h1>Das Konzept der WMS<\/h1>\n<p>F\u00fcr die Mehrzahl der Unternehmen ist eine rationelle Informationsverarbeitung zu einem wesentlichen Wettbewerbsfaktor geworden. Die Qualit\u00e4t der Informationen bestimmt die Qualit\u00e4t der Entscheidungen. St\u00e4ndige Auskunftsbereitschaft durch aktuelle Daten ist f\u00fcr eine fr\u00fchzeitige und schnelle Entscheidung unerl\u00e4sslich.<\/p>\n<p>Mit Inceptum-WMS lassen sich s\u00e4mtliche Arbeitsabl\u00e4ufe in der Waren- und Materialwirtschaft vom Absatz \u00fcber Beschaffung bis zum Lagermanagement und der Fertigungsplanung abbilden und steuern.<\/p>\n<p>Inceptum-WMS ist eine einzigartige Standard-Softwarel\u00f6sung, die Ihre Gesch\u00e4ftsprozesse abbildet und sich dabei an Ihre Organisationsstrukturen anpasst, anstatt Ihnen vordefinierte Softwareanforderungen aufzuzwingen.<\/p>\n<p>Somit kann die Ablauforganisation optimiert und die Vorteile einer flexibel adaptierten Individualentwicklung durch eine Standardsoftware mit Kostenvorteil, schneller Verf\u00fcgbarkeit, Qualit\u00e4tsvorteil und Releasewechselkonzept abgebildet werden.<\/p>\n<\/div><\/div>\n","protected":false},"excerpt":{"rendered":"","protected":false},"author":8,"featured_media":0,"parent":12172,"menu_order":0,"comment_status":"closed","ping_status":"closed","template":"","meta":[],"yoast_head":"<!-- This site is optimized with the Yoast SEO plugin v15.9 - https:\/\/yoast.com\/wordpress\/plugins\/seo\/ -->\n<title>Konzept - Inceptum DV-L\u00f6sungen GmbH<\/title>\n<meta name=\"robots\" content=\"index, follow, max-snippet:-1, max-image-preview:large, max-video-preview:-1\" \/>\n<link rel=\"canonical\" href=\"https:\/\/inceptum.de\/dvl\/loesungen\/erp\/inceptum-wms\/konzept\/\" \/>\n<meta property=\"og:locale\" content=\"de_DE\" \/>\n<meta property=\"og:type\" content=\"article\" \/>\n<meta property=\"og:title\" content=\"Konzept - Inceptum DV-L\u00f6sungen GmbH\" \/>\n<meta property=\"og:url\" content=\"https:\/\/inceptum.de\/dvl\/loesungen\/erp\/inceptum-wms\/konzept\/\" \/>\n<meta property=\"og:site_name\" content=\"Inceptum DV-L\u00f6sungen GmbH\" \/>\n<meta property=\"og:image\" content=\"http:\/\/sas.inceptum.de\/bilder\/konzept1.png\" \/>\n<meta name=\"twitter:card\" content=\"summary\" \/>\n<meta name=\"twitter:label1\" content=\"Gesch\u00e4tzte Lesezeit\">\n\t<meta name=\"twitter:data1\" content=\"1\u00a0Minute\">\n<script type=\"application\/ld+json\" class=\"yoast-schema-graph\">{\"@context\":\"https:\/\/schema.org\",\"@graph\":[{\"@type\":\"Organization\",\"@id\":\"https:\/\/inceptum.de\/dvl\/#organization\",\"name\":\"Inceptum DV-L\\u00f6sungen GmbH\",\"url\":\"https:\/\/inceptum.de\/dvl\/\",\"sameAs\":[],\"logo\":{\"@type\":\"ImageObject\",\"@id\":\"https:\/\/inceptum.de\/dvl\/#logo\",\"inLanguage\":\"de\",\"url\":\"https:\/\/inceptum.de\/dvl\/wp-content\/uploads\/2015\/09\/Logo_blau.png\",\"width\":2897,\"height\":781,\"caption\":\"Inceptum DV-L\\u00f6sungen GmbH\"},\"image\":{\"@id\":\"https:\/\/inceptum.de\/dvl\/#logo\"}},{\"@type\":\"WebSite\",\"@id\":\"https:\/\/inceptum.de\/dvl\/#website\",\"url\":\"https:\/\/inceptum.de\/dvl\/\",\"name\":\"Inceptum DV-L\\u00f6sungen GmbH\",\"description\":\"Kaufm\\u00e4nnische Softwarel\\u00f6sungen f\\u00fcr den Mittelstand\",\"publisher\":{\"@id\":\"https:\/\/inceptum.de\/dvl\/#organization\"},\"potentialAction\":[{\"@type\":\"SearchAction\",\"target\":\"https:\/\/inceptum.de\/dvl\/?s={search_term_string}\",\"query-input\":\"required name=search_term_string\"}],\"inLanguage\":\"de\"},{\"@type\":\"ImageObject\",\"@id\":\"https:\/\/inceptum.de\/dvl\/loesungen\/erp\/inceptum-wms\/konzept\/#primaryimage\",\"inLanguage\":\"de\",\"url\":\"http:\/\/sas.inceptum.de\/bilder\/konzept1.png\"},{\"@type\":\"WebPage\",\"@id\":\"https:\/\/inceptum.de\/dvl\/loesungen\/erp\/inceptum-wms\/konzept\/#webpage\",\"url\":\"https:\/\/inceptum.de\/dvl\/loesungen\/erp\/inceptum-wms\/konzept\/\",\"name\":\"Konzept - Inceptum DV-L\\u00f6sungen GmbH\",\"isPartOf\":{\"@id\":\"https:\/\/inceptum.de\/dvl\/#website\"},\"primaryImageOfPage\":{\"@id\":\"https:\/\/inceptum.de\/dvl\/loesungen\/erp\/inceptum-wms\/konzept\/#primaryimage\"},\"datePublished\":\"2015-11-04T13:30:23+00:00\",\"dateModified\":\"2015-11-04T13:30:23+00:00\",\"breadcrumb\":{\"@id\":\"https:\/\/inceptum.de\/dvl\/loesungen\/erp\/inceptum-wms\/konzept\/#breadcrumb\"},\"inLanguage\":\"de\",\"potentialAction\":[{\"@type\":\"ReadAction\",\"target\":[\"https:\/\/inceptum.de\/dvl\/loesungen\/erp\/inceptum-wms\/konzept\/\"]}]},{\"@type\":\"BreadcrumbList\",\"@id\":\"https:\/\/inceptum.de\/dvl\/loesungen\/erp\/inceptum-wms\/konzept\/#breadcrumb\",\"itemListElement\":[{\"@type\":\"ListItem\",\"position\":1,\"item\":{\"@type\":\"WebPage\",\"@id\":\"https:\/\/inceptum.de\/dvl\/\",\"url\":\"https:\/\/inceptum.de\/dvl\/\",\"name\":\"Home\"}},{\"@type\":\"ListItem\",\"position\":2,\"item\":{\"@type\":\"WebPage\",\"@id\":\"https:\/\/inceptum.de\/dvl\/loesungen\/\",\"url\":\"https:\/\/inceptum.de\/dvl\/loesungen\/\",\"name\":\"L\\u00f6sungen\"}},{\"@type\":\"ListItem\",\"position\":3,\"item\":{\"@type\":\"WebPage\",\"@id\":\"https:\/\/inceptum.de\/dvl\/loesungen\/erp\/\",\"url\":\"https:\/\/inceptum.de\/dvl\/loesungen\/erp\/\",\"name\":\"ERP\"}},{\"@type\":\"ListItem\",\"position\":4,\"item\":{\"@type\":\"WebPage\",\"@id\":\"https:\/\/inceptum.de\/dvl\/loesungen\/erp\/inceptum-wms\/\",\"url\":\"https:\/\/inceptum.de\/dvl\/loesungen\/erp\/inceptum-wms\/\",\"name\":\"Inceptum WMS\"}},{\"@type\":\"ListItem\",\"position\":5,\"item\":{\"@type\":\"WebPage\",\"@id\":\"https:\/\/inceptum.de\/dvl\/loesungen\/erp\/inceptum-wms\/konzept\/\",\"url\":\"https:\/\/inceptum.de\/dvl\/loesungen\/erp\/inceptum-wms\/konzept\/\",\"name\":\"Konzept\"}}]}]}<\/script>\n<!-- \/ Yoast SEO plugin. -->","_links":{"self":[{"href":"https:\/\/inceptum.de\/dvl\/wp-json\/wp\/v2\/pages\/12178"}],"collection":[{"href":"https:\/\/inceptum.de\/dvl\/wp-json\/wp\/v2\/pages"}],"about":[{"href":"https:\/\/inceptum.de\/dvl\/wp-json\/wp\/v2\/types\/page"}],"author":[{"embeddable":true,"href":"https:\/\/inceptum.de\/dvl\/wp-json\/wp\/v2\/users\/8"}],"replies":[{"embeddable":true,"href":"https:\/\/inceptum.de\/dvl\/wp-json\/wp\/v2\/comments?post=12178"}],"version-history":[{"count":1,"href":"https:\/\/inceptum.de\/dvl\/wp-json\/wp\/v2\/pages\/12178\/revisions"}],"predecessor-version":[{"id":12179,"href":"https:\/\/inceptum.de\/dvl\/wp-json\/wp\/v2\/pages\/12178\/revisions\/12179"}],"up":[{"embeddable":true,"href":"https:\/\/inceptum.de\/dvl\/wp-json\/wp\/v2\/pages\/12172"}],"wp:attachment":[{"href":"https:\/\/inceptum.de\/dvl\/wp-json\/wp\/v2\/media?parent=12178"}],"curies":[{"name":"wp","href":"https:\/\/api.w.org\/{rel}","templated":true}]}}