{"id":12176,"date":"2015-11-04T13:29:09","date_gmt":"2015-11-04T13:29:09","guid":{"rendered":"http:\/\/inceptum.de\/dvl\/?page_id=12176"},"modified":"2015-11-04T13:29:09","modified_gmt":"2015-11-04T13:29:09","slug":"crm-management-von-kunden-und-lieferanten","status":"publish","type":"page","link":"https:\/\/inceptum.de\/dvl\/loesungen\/erp\/inceptum-wms\/crm-management-von-kunden-und-lieferanten\/","title":{"rendered":"CRM &#8211; Management von Kunden und Lieferanten"},"content":{"rendered":"<div class=\"fusion-fullwidth fullwidth-box fusion-fullwidth-1  fusion-parallax-none nonhundred-percent-fullwidth\" style=\"border-color:#eae9e9;border-bottom-width: 0px;border-top-width: 0px;border-bottom-style: solid;border-top-style: solid;padding-bottom:20px;padding-top:20px;padding-left:0px;padding-right:0px;\"><style type=\"text\/css\" scoped=\"scoped\">.fusion-fullwidth-1 {\n                            padding-left: 0px !important;\n                            padding-right: 0px !important;\n                        }<\/style><div class=\"fusion-row\"><p><strong>Vorteile im \u00dcberblick:<\/strong><\/p>\n<ul>\n<li>einheitliche Datenpflege<strong><img loading=\"lazy\" style=\"border: 0pt none;\" title=\"CRM\" src=\"http:\/\/sas.inceptum.de\/bilder\/crm2.png\" alt=\"\" width=\"153\" height=\"163\" align=\"right\" \/><\/strong><\/li>\n<li>Kommunikation auf Knopfdruck<\/li>\n<li>integriertes MS-Office<\/li>\n<li>\u201cgl\u00e4serner Auftrag\u201d von der Bestellung bis zur Auslieferung<\/li>\n<li>Mehrsprachige Belegerstellung<\/li>\n<li>komplette Kunden\u00fcbersicht<\/li>\n<li>Eingabe der Kunden <strong>und<\/strong> Lieferantendaten \u00fcber einheitliche und \u00fcbersichtlich strukturierte Men\u00fcs in die <strong>Inceptum-WMS<\/strong><\/li>\n<li>Einfachste <strong>Kontaktaufnahme<\/strong> zu Kunden (und Lieferanten) durch vollst\u00e4ndig integrierte Kommunikationsmittel wie eMail-Zentrale, Voice-Over-IP (direkte Anwahl aus der <strong>Inceptum-WMS <\/strong>heraus per Knopfdruck), Anschreiben jeglicher Art durch <strong>integrierte Office-Anbindung<\/strong>, direkter Aufruf einer <strong>hinterlegten Anfahrtbeschreibung<\/strong>, direkter Aufruf der <strong>Kundenwebsite<\/strong><\/li>\n<li>sofortige Information des Kunden durch <strong>komplette Auftrags\u00fcbersicht im Auskunftsbereich<\/strong>, d.h. alle Belege zu einem Auftrag sind auf einen Blick zu ersehen<\/li>\n<li><strong>Kundenmailings<\/strong> an eine von Ihnen definierte Kundengruppe k\u00f6nnen geplant, aber auch \u2018ad hoc\u2019 durchgef\u00fchrt werden<\/li>\n<li>Internationales <strong>Belegmanagement<\/strong> durch Belegerstellung in englischer oder franz\u00f6sischer Sprache, wobei die im Office-Paket integrierte Sprach- und Rechtschreibpr\u00fcfung genutzt werden kann<\/li>\n<li>intensivere Pflege des Kunden-(und auch Lieferanten-)Kontakts via Internetportal duch das <strong>spezielle Memo-System<\/strong><\/li>\n<li>komplette Kunden-(und Lieferanten-)\u00dcbersicht wie z.B. <strong>OPOS, Kreditlinien, Ums\u00e4tze<\/strong> oder auch <strong>Beleghistorie<\/strong><\/li>\n<\/ul>\n<div align=\"center\"><img loading=\"lazy\" class=\"aligncenter\" style=\"border: 0pt none;\" title=\"CRM\" src=\"http:\/\/sas.inceptum.de\/bilder\/crm1.png\" alt=\"\" width=\"500\" height=\"197\" \/><\/div>\n<\/div><\/div>\n","protected":false},"excerpt":{"rendered":"","protected":false},"author":8,"featured_media":0,"parent":12172,"menu_order":0,"comment_status":"closed","ping_status":"closed","template":"","meta":[],"yoast_head":"<!-- This site is optimized with the Yoast SEO plugin v15.9 - https:\/\/yoast.com\/wordpress\/plugins\/seo\/ -->\n<title>CRM - Management von Kunden und Lieferanten - Inceptum DV-L\u00f6sungen GmbH<\/title>\n<meta name=\"robots\" content=\"index, follow, max-snippet:-1, max-image-preview:large, max-video-preview:-1\" \/>\n<link rel=\"canonical\" href=\"https:\/\/inceptum.de\/dvl\/loesungen\/erp\/inceptum-wms\/crm-management-von-kunden-und-lieferanten\/\" \/>\n<meta property=\"og:locale\" content=\"de_DE\" \/>\n<meta property=\"og:type\" content=\"article\" \/>\n<meta property=\"og:title\" content=\"CRM - Management von Kunden und Lieferanten - Inceptum DV-L\u00f6sungen GmbH\" \/>\n<meta property=\"og:url\" content=\"https:\/\/inceptum.de\/dvl\/loesungen\/erp\/inceptum-wms\/crm-management-von-kunden-und-lieferanten\/\" \/>\n<meta property=\"og:site_name\" content=\"Inceptum DV-L\u00f6sungen GmbH\" \/>\n<meta property=\"og:image\" content=\"http:\/\/sas.inceptum.de\/bilder\/crm2.png\" \/>\n<meta name=\"twitter:card\" content=\"summary\" \/>\n<meta name=\"twitter:label1\" content=\"Gesch\u00e4tzte Lesezeit\">\n\t<meta name=\"twitter:data1\" content=\"1\u00a0Minute\">\n<script type=\"application\/ld+json\" class=\"yoast-schema-graph\">{\"@context\":\"https:\/\/schema.org\",\"@graph\":[{\"@type\":\"Organization\",\"@id\":\"https:\/\/inceptum.de\/dvl\/#organization\",\"name\":\"Inceptum DV-L\\u00f6sungen GmbH\",\"url\":\"https:\/\/inceptum.de\/dvl\/\",\"sameAs\":[],\"logo\":{\"@type\":\"ImageObject\",\"@id\":\"https:\/\/inceptum.de\/dvl\/#logo\",\"inLanguage\":\"de\",\"url\":\"https:\/\/inceptum.de\/dvl\/wp-content\/uploads\/2015\/09\/Logo_blau.png\",\"width\":2897,\"height\":781,\"caption\":\"Inceptum DV-L\\u00f6sungen GmbH\"},\"image\":{\"@id\":\"https:\/\/inceptum.de\/dvl\/#logo\"}},{\"@type\":\"WebSite\",\"@id\":\"https:\/\/inceptum.de\/dvl\/#website\",\"url\":\"https:\/\/inceptum.de\/dvl\/\",\"name\":\"Inceptum DV-L\\u00f6sungen GmbH\",\"description\":\"Kaufm\\u00e4nnische Softwarel\\u00f6sungen f\\u00fcr den Mittelstand\",\"publisher\":{\"@id\":\"https:\/\/inceptum.de\/dvl\/#organization\"},\"potentialAction\":[{\"@type\":\"SearchAction\",\"target\":\"https:\/\/inceptum.de\/dvl\/?s={search_term_string}\",\"query-input\":\"required name=search_term_string\"}],\"inLanguage\":\"de\"},{\"@type\":\"ImageObject\",\"@id\":\"https:\/\/inceptum.de\/dvl\/loesungen\/erp\/inceptum-wms\/crm-management-von-kunden-und-lieferanten\/#primaryimage\",\"inLanguage\":\"de\",\"url\":\"http:\/\/sas.inceptum.de\/bilder\/crm2.png\"},{\"@type\":\"WebPage\",\"@id\":\"https:\/\/inceptum.de\/dvl\/loesungen\/erp\/inceptum-wms\/crm-management-von-kunden-und-lieferanten\/#webpage\",\"url\":\"https:\/\/inceptum.de\/dvl\/loesungen\/erp\/inceptum-wms\/crm-management-von-kunden-und-lieferanten\/\",\"name\":\"CRM - Management von Kunden und Lieferanten - Inceptum DV-L\\u00f6sungen GmbH\",\"isPartOf\":{\"@id\":\"https:\/\/inceptum.de\/dvl\/#website\"},\"primaryImageOfPage\":{\"@id\":\"https:\/\/inceptum.de\/dvl\/loesungen\/erp\/inceptum-wms\/crm-management-von-kunden-und-lieferanten\/#primaryimage\"},\"datePublished\":\"2015-11-04T13:29:09+00:00\",\"dateModified\":\"2015-11-04T13:29:09+00:00\",\"breadcrumb\":{\"@id\":\"https:\/\/inceptum.de\/dvl\/loesungen\/erp\/inceptum-wms\/crm-management-von-kunden-und-lieferanten\/#breadcrumb\"},\"inLanguage\":\"de\",\"potentialAction\":[{\"@type\":\"ReadAction\",\"target\":[\"https:\/\/inceptum.de\/dvl\/loesungen\/erp\/inceptum-wms\/crm-management-von-kunden-und-lieferanten\/\"]}]},{\"@type\":\"BreadcrumbList\",\"@id\":\"https:\/\/inceptum.de\/dvl\/loesungen\/erp\/inceptum-wms\/crm-management-von-kunden-und-lieferanten\/#breadcrumb\",\"itemListElement\":[{\"@type\":\"ListItem\",\"position\":1,\"item\":{\"@type\":\"WebPage\",\"@id\":\"https:\/\/inceptum.de\/dvl\/\",\"url\":\"https:\/\/inceptum.de\/dvl\/\",\"name\":\"Home\"}},{\"@type\":\"ListItem\",\"position\":2,\"item\":{\"@type\":\"WebPage\",\"@id\":\"https:\/\/inceptum.de\/dvl\/loesungen\/\",\"url\":\"https:\/\/inceptum.de\/dvl\/loesungen\/\",\"name\":\"L\\u00f6sungen\"}},{\"@type\":\"ListItem\",\"position\":3,\"item\":{\"@type\":\"WebPage\",\"@id\":\"https:\/\/inceptum.de\/dvl\/loesungen\/erp\/\",\"url\":\"https:\/\/inceptum.de\/dvl\/loesungen\/erp\/\",\"name\":\"ERP\"}},{\"@type\":\"ListItem\",\"position\":4,\"item\":{\"@type\":\"WebPage\",\"@id\":\"https:\/\/inceptum.de\/dvl\/loesungen\/erp\/inceptum-wms\/\",\"url\":\"https:\/\/inceptum.de\/dvl\/loesungen\/erp\/inceptum-wms\/\",\"name\":\"Inceptum WMS\"}},{\"@type\":\"ListItem\",\"position\":5,\"item\":{\"@type\":\"WebPage\",\"@id\":\"https:\/\/inceptum.de\/dvl\/loesungen\/erp\/inceptum-wms\/crm-management-von-kunden-und-lieferanten\/\",\"url\":\"https:\/\/inceptum.de\/dvl\/loesungen\/erp\/inceptum-wms\/crm-management-von-kunden-und-lieferanten\/\",\"name\":\"CRM &#8211; Management von Kunden und Lieferanten\"}}]}]}<\/script>\n<!-- \/ Yoast SEO plugin. -->","_links":{"self":[{"href":"https:\/\/inceptum.de\/dvl\/wp-json\/wp\/v2\/pages\/12176"}],"collection":[{"href":"https:\/\/inceptum.de\/dvl\/wp-json\/wp\/v2\/pages"}],"about":[{"href":"https:\/\/inceptum.de\/dvl\/wp-json\/wp\/v2\/types\/page"}],"author":[{"embeddable":true,"href":"https:\/\/inceptum.de\/dvl\/wp-json\/wp\/v2\/users\/8"}],"replies":[{"embeddable":true,"href":"https:\/\/inceptum.de\/dvl\/wp-json\/wp\/v2\/comments?post=12176"}],"version-history":[{"count":1,"href":"https:\/\/inceptum.de\/dvl\/wp-json\/wp\/v2\/pages\/12176\/revisions"}],"predecessor-version":[{"id":12177,"href":"https:\/\/inceptum.de\/dvl\/wp-json\/wp\/v2\/pages\/12176\/revisions\/12177"}],"up":[{"embeddable":true,"href":"https:\/\/inceptum.de\/dvl\/wp-json\/wp\/v2\/pages\/12172"}],"wp:attachment":[{"href":"https:\/\/inceptum.de\/dvl\/wp-json\/wp\/v2\/media?parent=12176"}],"curies":[{"name":"wp","href":"https:\/\/api.w.org\/{rel}","templated":true}]}}