{"id":12154,"date":"2015-11-04T13:19:08","date_gmt":"2015-11-04T13:19:08","guid":{"rendered":"http:\/\/inceptum.de\/dvl\/?page_id=12154"},"modified":"2016-10-27T13:26:17","modified_gmt":"2016-10-27T13:26:17","slug":"sage-lohn-xl","status":"publish","type":"page","link":"https:\/\/inceptum.de\/dvl\/loesungen\/personalwesen\/sage-lohn-xl\/","title":{"rendered":"Sage Lohn XL"},"content":{"rendered":"<div class=\"fusion-fullwidth fullwidth-box fusion-fullwidth-1  fusion-parallax-none nonhundred-percent-fullwidth\" style=\"border-color:#eae9e9;border-bottom-width: 0px;border-top-width: 0px;border-bottom-style: solid;border-top-style: solid;padding-bottom:20px;padding-top:20px;padding-left:0px;padding-right:0px;\"><style type=\"text\/css\" scoped=\"scoped\">.fusion-fullwidth-1 {\n                            padding-left: 0px !important;\n                            padding-right: 0px !important;\n                        }<\/style><div class=\"fusion-row\"><h2><strong>Entgeltabrechnung mit Sage Lohn XL<br \/>\n<\/strong><\/h2>\n<p>Mit Sage Lohn XL k\u00f6nnen Sie alle praxisrelevanten F\u00e4lle abrechnen. Eine einfache Bedienung und \u00fcbersichtliche Oberfl\u00e4che erm\u00f6glichen Ihnen eine schnelle und zuverl\u00e4ssige Entgeltabrechnung. Eine feldspezifische Hilfe und umfangreiche Dokumentation unterst\u00fctzt Sie bei anspruchsvollen Abrechnungen.<\/p>\n<h2>Sage Lohn XL auf einen Blick<\/h2>\n<ul>\n<li>Entgeltabrechnung f\u00fcr alle Branchen und Gr\u00f6\u00dfen<\/li>\n<li>Mandanten- und mehrplatzf\u00e4hig<\/li>\n<li>Realisierung verschiedener Tarifvertr\u00e4ge<\/li>\n<li>Zusatzl\u00f6sungen f\u00fcr Baugewerbe und \u00f6ffentlichen Dienst<\/li>\n<li>W\u00f6chentliche Updates der Krankenkassen-Beitragssatzdatei<\/li>\n<li>Integriertes Bescheinigungswesen gem\u00e4\u00df AWV<\/li>\n<li>Meldung an Berufsgenossenschaften<\/li>\n<li>Meldung an das Statistische Landesamt<\/li>\n<li>Plausibilit\u00e4tspr\u00fcfung bei Datenerfassung<\/li>\n<li>ITSG-Zertifizierung<\/li>\n<\/ul>\n<h2>Umsetzung aller gesetzlichen Anforderungen<\/h2>\n<p>Bei der Entgeltabrechnung mit Sage Lohn XL werden gesetzliche, SV- und steuerrechtliche Bestimmungen sowie unternehmensspezifische Prozesse automatisch ber\u00fccksichtigt.<\/p>\n<h2>Datensicherheit<\/h2>\n<p>Der passwortgesch\u00fctzte Zugang und definierbare Zugriffsrechte in der Software f\u00fcr Entgeltabrechnung geben den sensiblen Personal- und Abrechnungsdaten die n\u00f6tige Sicherheit.<\/p>\n<h2>Datenaustausch<\/h2>\n<p>Der Datenaustausch zu anderen Softwareprogrammen ist durch eine Vielzahl von Schnittstellen zu namhaften Herstellern m\u00f6glich.<\/p>\n<\/div><\/div><div class=\"fusion-one-sixth fusion-layout-column fusion-spacing-yes\" style=\"margin-top:0px;margin-bottom:20px;\"><div class=\"fusion-column-wrapper\"><div class=\"fusion-clearfix\"><\/div><\/div><\/div><div class=\"fusion-two-third fusion-layout-column fusion-spacing-yes\" style=\"margin-top:0px;margin-bottom:20px;\"><div class=\"fusion-column-wrapper\"><div class=\"fusion-flip-boxes flip-boxes row fusion-columns-3\"><div class=\"fusion-flip-box-wrapper fusion-column col-lg-4 col-md-4 col-sm-4\"><div class=\"fusion-flip-box\"><div class=\"flip-box-inner-wrapper\"><div class=\"flip-box-front\" style=\"background-color:#f6f6f6;border-color:transparent;border-radius:4px;border-style:solid;border-width:1px;color:#747474;\"><div class=\"flip-box-front-inner\"><div class=\"flip-box-grafix flip-box-circle\" style=\"background-color:#333333;border-color:#333333;\"><i class=\"fa fa-thumbs-o-up\" style=\"color:#ffffff;\"><\/i><\/div><h2 class=\"flip-box-heading without-text\" style=\"color:#333333;\"> Komfort<\/h2><\/div><\/div><div class=\"flip-box-back\" style=\"background-color:#ffb200;border-color:transparent;border-radius:4px;border-style:solid;border-width:1px;color:#000000;\"><div class=\"flip-box-back-inner\"><h3 class=\"flip-box-heading-back\" style=\"color:#000000;\">L\u00e4uft wie von selbst: Dank einfachem Men\u00fc mit intuitiver Bedienung und optimaler Programmf\u00fchrung brauchen Sie weniger Zeit f\u00fcr die Abrechnung.<\/h3><\/div><\/div><\/div><\/div><\/div><div class=\"fusion-flip-box-wrapper fusion-column col-lg-4 col-md-4 col-sm-4\"><div class=\"fusion-flip-box\"><div class=\"flip-box-inner-wrapper\"><div class=\"flip-box-front\" style=\"background-color:#f6f6f6;border-color:transparent;border-radius:4px;border-style:solid;border-width:1px;color:#747474;\"><div class=\"flip-box-front-inner\"><div class=\"flip-box-grafix flip-box-circle\" style=\"background-color:#333333;border-color:#333333;\"><i class=\"fa fa-smile-o\" style=\"color:#ffffff;\"><\/i><\/div><h2 class=\"flip-box-heading without-text\" style=\"color:#333333;\">Entlastung<\/h2><\/div><\/div><div class=\"flip-box-back\" style=\"background-color:#ffb200;border-color:transparent;border-radius:4px;border-style:solid;border-width:1px;color:#000000;\"><div class=\"flip-box-back-inner\"><h3 class=\"flip-box-heading-back\" style=\"color:#000000;\"> Die Software denkt mit: Merkhilfen, Fehlerfr\u00fcherkennung und verbesserte Kontrollmechanismen entlasten Ihren Kopf. Entlastung!<\/h3><\/div><\/div><\/div><\/div><\/div><div class=\"fusion-flip-box-wrapper fusion-column col-lg-4 col-md-4 col-sm-4\"><div class=\"fusion-flip-box\"><div class=\"flip-box-inner-wrapper\"><div class=\"flip-box-front\" style=\"background-color:#f6f6f6;border-color:transparent;border-radius:4px;border-style:solid;border-width:1px;color:#747474;\"><div class=\"flip-box-front-inner\"><div class=\"flip-box-grafix flip-box-circle\" style=\"background-color:#333333;border-color:#333333;\"><i class=\"fa fa-check-square-o\" style=\"color:#ffffff;\"><\/i><\/div><h2 class=\"flip-box-heading without-text\" style=\"color:#333333;\">Vollst\u00e4ndigkeit<\/h2><\/div><\/div><div class=\"flip-box-back\" style=\"background-color:#ffb200;border-color:transparent;border-radius:4px;border-style:solid;border-width:1px;color:#000000;\"><div class=\"flip-box-back-inner\"><h3 class=\"flip-box-heading-back\" style=\"color:#000000;\">Alles was Sie brauchen: Sage Lohn XL ist ein umfassendes Rundum-Sorglos-Paket \u2013 es gibt keine versteckten Zusatzkosten f\u00fcr Meldewesen o.\u00e4.<\/h3><\/div><\/div><\/div><\/div><\/div><\/div><div class=\"fusion-clearfix\"><\/div><div class=\"fusion-clearfix\"><\/div><\/div><\/div><div class=\"fusion-one-sixth fusion-layout-column fusion-column-last fusion-spacing-yes\" style=\"margin-top:0px;margin-bottom:20px;\"><div class=\"fusion-column-wrapper\"><div class=\"fusion-clearfix\"><\/div><\/div><\/div><div class=\"fusion-clearfix\"><\/div><div class=\"fusion-one-sixth fusion-layout-column fusion-spacing-yes\" style=\"margin-top:0px;margin-bottom:20px;\"><div class=\"fusion-column-wrapper\"><div class=\"fusion-clearfix\"><\/div><\/div><\/div><div class=\"fusion-two-third fusion-layout-column fusion-spacing-yes\" style=\"margin-top:0px;margin-bottom:20px;\"><div class=\"fusion-column-wrapper\"><div class=\"fusion-flip-boxes flip-boxes row fusion-columns-3\"><div class=\"fusion-flip-box-wrapper fusion-column col-lg-4 col-md-4 col-sm-4\"><div class=\"fusion-flip-box\"><div class=\"flip-box-inner-wrapper\"><div class=\"flip-box-front\" style=\"background-color:#f6f6f6;border-color:transparent;border-radius:4px;border-style:solid;border-width:1px;color:#747474;\"><div class=\"flip-box-front-inner\"><div class=\"flip-box-grafix flip-box-circle\" style=\"background-color:#333333;border-color:#333333;\"><i class=\"fa fa-file-text\" style=\"color:#ffffff;\"><\/i><\/div><h2 class=\"flip-box-heading without-text\" style=\"color:#333333;\">Individualit\u00e4t<\/h2><\/div><\/div><div class=\"flip-box-back\" style=\"background-color:#ffb200;border-color:transparent;border-radius:4px;border-style:solid;border-width:1px;color:#000000;\"><div class=\"flip-box-back-inner\"><h3 class=\"flip-box-heading-back\" style=\"color:#000000;\">Ma\u00dfgeschneidert auf Ihre Arbeitsabl\u00e4ufe: Mit individuellen Vorlagen k\u00f6nnen Sie Ihren Arbeitsaufwand selbst minimieren und vereinfachen.<\/h3><\/div><\/div><\/div><\/div><\/div><div class=\"fusion-flip-box-wrapper fusion-column col-lg-4 col-md-4 col-sm-4\"><div class=\"fusion-flip-box\"><div class=\"flip-box-inner-wrapper\"><div class=\"flip-box-front\" style=\"background-color:#f6f6f6;border-color:transparent;border-radius:4px;border-style:solid;border-width:1px;color:#747474;\"><div class=\"flip-box-front-inner\"><div class=\"flip-box-grafix flip-box-circle\" style=\"background-color:#333333;border-color:#333333;\"><i class=\"fa fa-key\" style=\"color:#ffffff;\"><\/i><\/div><h2 class=\"flip-box-heading without-text\" style=\"color:#333333;\">Sicherheit<\/h2><\/div><\/div><div class=\"flip-box-back\" style=\"background-color:#ffb200;border-color:transparent;border-radius:4px;border-style:solid;border-width:1px;color:#000000;\"><div class=\"flip-box-back-inner\"><h3 class=\"flip-box-heading-back\" style=\"color:#000000;\">Immer auf dem neuesten Stand: Alle gesetzlichen Neuerungen und rechtlichen \u00c4nderungen werden automatisch implementiert und gepflegt.<\/h3><\/div><\/div><\/div><\/div><\/div><div class=\"fusion-flip-box-wrapper fusion-column col-lg-4 col-md-4 col-sm-4\"><div class=\"fusion-flip-box\"><div class=\"flip-box-inner-wrapper\"><div class=\"flip-box-front\" style=\"background-color:#f6f6f6;border-color:transparent;border-radius:4px;border-style:solid;border-width:1px;color:#747474;\"><div class=\"flip-box-front-inner\"><div class=\"flip-box-grafix flip-box-circle\" style=\"background-color:#333333;border-color:#333333;\"><i class=\"fa fa-heart\" style=\"color:#ffffff;\"><\/i><\/div><h2 class=\"flip-box-heading without-text\" style=\"color:#333333;\">Attraktivit\u00e4t<\/h2><\/div><\/div><div class=\"flip-box-back\" style=\"background-color:#ffb200;border-color:transparent;border-radius:4px;border-style:solid;border-width:1px;color:#000000;\"><div class=\"flip-box-back-inner\"><h3 class=\"flip-box-heading-back\" style=\"color:#000000;\">Nie war Personalabrechnung entspannter: Gehen Sie mit Freude an die Arbeit dank einer grafisch ansprechenden Oberfl\u00e4che!<\/h3><\/div><\/div><\/div><\/div><\/div><\/div><div class=\"fusion-clearfix\"><\/div><div class=\"fusion-clearfix\"><\/div><\/div><\/div><div class=\"fusion-one-sixth fusion-layout-column fusion-column-last fusion-spacing-yes\" style=\"margin-top:0px;margin-bottom:20px;\"><div class=\"fusion-column-wrapper\"><div class=\"fusion-clearfix\"><\/div><\/div><\/div><div class=\"fusion-clearfix\"><\/div><p style=\"text-align: center;\">Sage Lohn XL Hauptfenster:<img loading=\"lazy\" class=\"aligncenter wp-image-12394 size-large\" src=\"http:\/\/inceptum.de\/dvl\/wp-content\/uploads\/2015\/11\/sage_lohn_xl-1024x599.png\" alt=\"sage_lohn_xl\" width=\"669\" height=\"391\" srcset=\"https:\/\/inceptum.de\/dvl\/wp-content\/uploads\/2015\/11\/sage_lohn_xl-1024x599.png 1024w, https:\/\/inceptum.de\/dvl\/wp-content\/uploads\/2015\/11\/sage_lohn_xl-300x175.png 300w, https:\/\/inceptum.de\/dvl\/wp-content\/uploads\/2015\/11\/sage_lohn_xl-768x449.png 768w, https:\/\/inceptum.de\/dvl\/wp-content\/uploads\/2015\/11\/sage_lohn_xl.png 1678w\" sizes=\"(max-width: 669px) 100vw, 669px\" \/><\/p>\n\n","protected":false},"excerpt":{"rendered":"","protected":false},"author":8,"featured_media":0,"parent":12135,"menu_order":0,"comment_status":"closed","ping_status":"closed","template":"","meta":[],"yoast_head":"<!-- This site is optimized with the Yoast SEO plugin v15.9 - https:\/\/yoast.com\/wordpress\/plugins\/seo\/ -->\n<title>Sage Lohn XL - Inceptum DV-L\u00f6sungen GmbH<\/title>\n<meta name=\"robots\" content=\"index, follow, max-snippet:-1, max-image-preview:large, max-video-preview:-1\" \/>\n<link rel=\"canonical\" href=\"https:\/\/inceptum.de\/dvl\/loesungen\/personalwesen\/sage-lohn-xl\/\" \/>\n<meta property=\"og:locale\" content=\"de_DE\" \/>\n<meta property=\"og:type\" content=\"article\" \/>\n<meta property=\"og:title\" content=\"Sage Lohn XL - Inceptum DV-L\u00f6sungen GmbH\" \/>\n<meta property=\"og:url\" content=\"https:\/\/inceptum.de\/dvl\/loesungen\/personalwesen\/sage-lohn-xl\/\" \/>\n<meta property=\"og:site_name\" content=\"Inceptum DV-L\u00f6sungen GmbH\" \/>\n<meta property=\"article:modified_time\" content=\"2016-10-27T13:26:17+00:00\" \/>\n<meta property=\"og:image\" content=\"http:\/\/inceptum.de\/dvl\/wp-content\/uploads\/2015\/11\/sage_lohn_xl-1024x599.png\" \/>\n<meta name=\"twitter:card\" content=\"summary\" \/>\n<meta name=\"twitter:label1\" content=\"Gesch\u00e4tzte Lesezeit\">\n\t<meta name=\"twitter:data1\" content=\"5\u00a0Minuten\">\n<script type=\"application\/ld+json\" class=\"yoast-schema-graph\">{\"@context\":\"https:\/\/schema.org\",\"@graph\":[{\"@type\":\"Organization\",\"@id\":\"https:\/\/inceptum.de\/dvl\/#organization\",\"name\":\"Inceptum DV-L\\u00f6sungen GmbH\",\"url\":\"https:\/\/inceptum.de\/dvl\/\",\"sameAs\":[],\"logo\":{\"@type\":\"ImageObject\",\"@id\":\"https:\/\/inceptum.de\/dvl\/#logo\",\"inLanguage\":\"de\",\"url\":\"https:\/\/inceptum.de\/dvl\/wp-content\/uploads\/2015\/09\/Logo_blau.png\",\"width\":2897,\"height\":781,\"caption\":\"Inceptum DV-L\\u00f6sungen GmbH\"},\"image\":{\"@id\":\"https:\/\/inceptum.de\/dvl\/#logo\"}},{\"@type\":\"WebSite\",\"@id\":\"https:\/\/inceptum.de\/dvl\/#website\",\"url\":\"https:\/\/inceptum.de\/dvl\/\",\"name\":\"Inceptum DV-L\\u00f6sungen GmbH\",\"description\":\"Kaufm\\u00e4nnische Softwarel\\u00f6sungen f\\u00fcr den Mittelstand\",\"publisher\":{\"@id\":\"https:\/\/inceptum.de\/dvl\/#organization\"},\"potentialAction\":[{\"@type\":\"SearchAction\",\"target\":\"https:\/\/inceptum.de\/dvl\/?s={search_term_string}\",\"query-input\":\"required name=search_term_string\"}],\"inLanguage\":\"de\"},{\"@type\":\"ImageObject\",\"@id\":\"https:\/\/inceptum.de\/dvl\/loesungen\/personalwesen\/sage-lohn-xl\/#primaryimage\",\"inLanguage\":\"de\",\"url\":\"http:\/\/inceptum.de\/dvl\/wp-content\/uploads\/2015\/11\/sage_lohn_xl-1024x599.png\"},{\"@type\":\"WebPage\",\"@id\":\"https:\/\/inceptum.de\/dvl\/loesungen\/personalwesen\/sage-lohn-xl\/#webpage\",\"url\":\"https:\/\/inceptum.de\/dvl\/loesungen\/personalwesen\/sage-lohn-xl\/\",\"name\":\"Sage Lohn XL - Inceptum DV-L\\u00f6sungen GmbH\",\"isPartOf\":{\"@id\":\"https:\/\/inceptum.de\/dvl\/#website\"},\"primaryImageOfPage\":{\"@id\":\"https:\/\/inceptum.de\/dvl\/loesungen\/personalwesen\/sage-lohn-xl\/#primaryimage\"},\"datePublished\":\"2015-11-04T13:19:08+00:00\",\"dateModified\":\"2016-10-27T13:26:17+00:00\",\"breadcrumb\":{\"@id\":\"https:\/\/inceptum.de\/dvl\/loesungen\/personalwesen\/sage-lohn-xl\/#breadcrumb\"},\"inLanguage\":\"de\",\"potentialAction\":[{\"@type\":\"ReadAction\",\"target\":[\"https:\/\/inceptum.de\/dvl\/loesungen\/personalwesen\/sage-lohn-xl\/\"]}]},{\"@type\":\"BreadcrumbList\",\"@id\":\"https:\/\/inceptum.de\/dvl\/loesungen\/personalwesen\/sage-lohn-xl\/#breadcrumb\",\"itemListElement\":[{\"@type\":\"ListItem\",\"position\":1,\"item\":{\"@type\":\"WebPage\",\"@id\":\"https:\/\/inceptum.de\/dvl\/\",\"url\":\"https:\/\/inceptum.de\/dvl\/\",\"name\":\"Home\"}},{\"@type\":\"ListItem\",\"position\":2,\"item\":{\"@type\":\"WebPage\",\"@id\":\"https:\/\/inceptum.de\/dvl\/loesungen\/\",\"url\":\"https:\/\/inceptum.de\/dvl\/loesungen\/\",\"name\":\"L\\u00f6sungen\"}},{\"@type\":\"ListItem\",\"position\":3,\"item\":{\"@type\":\"WebPage\",\"@id\":\"https:\/\/inceptum.de\/dvl\/loesungen\/personalwesen\/\",\"url\":\"https:\/\/inceptum.de\/dvl\/loesungen\/personalwesen\/\",\"name\":\"Personalwesen\"}},{\"@type\":\"ListItem\",\"position\":4,\"item\":{\"@type\":\"WebPage\",\"@id\":\"https:\/\/inceptum.de\/dvl\/loesungen\/personalwesen\/sage-lohn-xl\/\",\"url\":\"https:\/\/inceptum.de\/dvl\/loesungen\/personalwesen\/sage-lohn-xl\/\",\"name\":\"Sage Lohn XL\"}}]}]}<\/script>\n<!-- \/ Yoast SEO plugin. -->","_links":{"self":[{"href":"https:\/\/inceptum.de\/dvl\/wp-json\/wp\/v2\/pages\/12154"}],"collection":[{"href":"https:\/\/inceptum.de\/dvl\/wp-json\/wp\/v2\/pages"}],"about":[{"href":"https:\/\/inceptum.de\/dvl\/wp-json\/wp\/v2\/types\/page"}],"author":[{"embeddable":true,"href":"https:\/\/inceptum.de\/dvl\/wp-json\/wp\/v2\/users\/8"}],"replies":[{"embeddable":true,"href":"https:\/\/inceptum.de\/dvl\/wp-json\/wp\/v2\/comments?post=12154"}],"version-history":[{"count":4,"href":"https:\/\/inceptum.de\/dvl\/wp-json\/wp\/v2\/pages\/12154\/revisions"}],"predecessor-version":[{"id":12584,"href":"https:\/\/inceptum.de\/dvl\/wp-json\/wp\/v2\/pages\/12154\/revisions\/12584"}],"up":[{"embeddable":true,"href":"https:\/\/inceptum.de\/dvl\/wp-json\/wp\/v2\/pages\/12135"}],"wp:attachment":[{"href":"https:\/\/inceptum.de\/dvl\/wp-json\/wp\/v2\/media?parent=12154"}],"curies":[{"name":"wp","href":"https:\/\/api.w.org\/{rel}","templated":true}]}}