{"id":12150,"date":"2015-11-04T13:17:11","date_gmt":"2015-11-04T13:17:11","guid":{"rendered":"http:\/\/inceptum.de\/dvl\/?page_id=12150"},"modified":"2016-10-12T14:24:40","modified_gmt":"2016-10-12T14:24:40","slug":"sage-reisemanagement","status":"publish","type":"page","link":"https:\/\/inceptum.de\/dvl\/loesungen\/personalwesen\/sage-reisemanagement\/","title":{"rendered":"Reisekosten"},"content":{"rendered":"<div class=\"fusion-fullwidth fullwidth-box fusion-fullwidth-1  fusion-parallax-none nonhundred-percent-fullwidth\" style=\"border-color:#eae9e9;border-bottom-width: 0px;border-top-width: 0px;border-bottom-style: solid;border-top-style: solid;padding-bottom:20px;padding-top:20px;padding-left:0px;padding-right:0px;\"><style type=\"text\/css\" scoped=\"scoped\">.fusion-fullwidth-1 {\n                            padding-left: 0px !important;\n                            padding-right: 0px !important;\n                        }<\/style><div class=\"fusion-row\"><h2 class=\"margin-20\">Rechnen Sie Ihre Reisekosten m\u00fchelos ab.<br \/>\nGesetzlich aktuell, papierlos, entspannt<\/h2>\n<ul class=\"bullet\">\n<li><strong>Reduzieren Sie den Aufwand<\/strong>: Hohes Papieraufkommen f\u00fcr Reiseantr\u00e4ge, Belege, Reisedaten oder Nachfragen wegen fehlender wichtiger Angaben geh\u00f6ren damit der Vergangenheit an.<\/li>\n<li><strong>Reisekostenabrechnung online &#8211; auch von unterwegs<\/strong>: Ihre Reisenden k\u00f6nnen die Eingabe ihrer Reisekosten inkl. aller Belege online selbst\u00e4ndig durchf\u00fchren \u2013 zu jeder Zeit an jedem Ort.<\/li>\n<li>Halten Sie stets das <strong>aktuelle Reisekostenrecht<\/strong> sowie Ihre <strong>eigenen Richtlinien<\/strong> ein<\/li>\n<li>Nutzen Sie Reports und Auswertungen f\u00fcr ein <strong>aussagekr\u00e4ftiges Controlling<\/strong> in all Ihren Dienstreiseaktivit\u00e4ten und Abrechnungsdaten<\/li>\n<\/ul>\n<\/div><\/div>\n<p><img loading=\"lazy\" class=\"aligncenter wp-image-12357 size-full\" src=\"http:\/\/inceptum.de\/dvl\/wp-content\/uploads\/2015\/11\/reisekosten.png\" alt=\"Sage_Reisekosten\" width=\"788\" height=\"432\" srcset=\"https:\/\/inceptum.de\/dvl\/wp-content\/uploads\/2015\/11\/reisekosten.png 788w, https:\/\/inceptum.de\/dvl\/wp-content\/uploads\/2015\/11\/reisekosten-300x164.png 300w, https:\/\/inceptum.de\/dvl\/wp-content\/uploads\/2015\/11\/reisekosten-768x421.png 768w\" sizes=\"(max-width: 788px) 100vw, 788px\" \/><\/p>\n\n","protected":false},"excerpt":{"rendered":"","protected":false},"author":8,"featured_media":0,"parent":12135,"menu_order":0,"comment_status":"closed","ping_status":"closed","template":"","meta":[],"yoast_head":"<!-- This site is optimized with the Yoast SEO plugin v15.9 - https:\/\/yoast.com\/wordpress\/plugins\/seo\/ -->\n<title>Reisekosten - Inceptum DV-L\u00f6sungen GmbH<\/title>\n<meta name=\"robots\" content=\"index, follow, max-snippet:-1, max-image-preview:large, max-video-preview:-1\" \/>\n<link rel=\"canonical\" href=\"https:\/\/inceptum.de\/dvl\/loesungen\/personalwesen\/sage-reisemanagement\/\" \/>\n<meta property=\"og:locale\" content=\"de_DE\" \/>\n<meta property=\"og:type\" content=\"article\" \/>\n<meta property=\"og:title\" content=\"Reisekosten - Inceptum DV-L\u00f6sungen GmbH\" \/>\n<meta property=\"og:url\" content=\"https:\/\/inceptum.de\/dvl\/loesungen\/personalwesen\/sage-reisemanagement\/\" \/>\n<meta property=\"og:site_name\" content=\"Inceptum DV-L\u00f6sungen GmbH\" \/>\n<meta property=\"article:modified_time\" content=\"2016-10-12T14:24:40+00:00\" \/>\n<meta property=\"og:image\" content=\"http:\/\/inceptum.de\/dvl\/wp-content\/uploads\/2015\/11\/reisekosten.png\" \/>\n<meta name=\"twitter:card\" content=\"summary\" \/>\n<meta name=\"twitter:label1\" content=\"Gesch\u00e4tzte Lesezeit\">\n\t<meta name=\"twitter:data1\" content=\"1\u00a0Minute\">\n<script type=\"application\/ld+json\" class=\"yoast-schema-graph\">{\"@context\":\"https:\/\/schema.org\",\"@graph\":[{\"@type\":\"Organization\",\"@id\":\"https:\/\/inceptum.de\/dvl\/#organization\",\"name\":\"Inceptum DV-L\\u00f6sungen GmbH\",\"url\":\"https:\/\/inceptum.de\/dvl\/\",\"sameAs\":[],\"logo\":{\"@type\":\"ImageObject\",\"@id\":\"https:\/\/inceptum.de\/dvl\/#logo\",\"inLanguage\":\"de\",\"url\":\"https:\/\/inceptum.de\/dvl\/wp-content\/uploads\/2015\/09\/Logo_blau.png\",\"width\":2897,\"height\":781,\"caption\":\"Inceptum DV-L\\u00f6sungen GmbH\"},\"image\":{\"@id\":\"https:\/\/inceptum.de\/dvl\/#logo\"}},{\"@type\":\"WebSite\",\"@id\":\"https:\/\/inceptum.de\/dvl\/#website\",\"url\":\"https:\/\/inceptum.de\/dvl\/\",\"name\":\"Inceptum DV-L\\u00f6sungen GmbH\",\"description\":\"Kaufm\\u00e4nnische Softwarel\\u00f6sungen f\\u00fcr den Mittelstand\",\"publisher\":{\"@id\":\"https:\/\/inceptum.de\/dvl\/#organization\"},\"potentialAction\":[{\"@type\":\"SearchAction\",\"target\":\"https:\/\/inceptum.de\/dvl\/?s={search_term_string}\",\"query-input\":\"required name=search_term_string\"}],\"inLanguage\":\"de\"},{\"@type\":\"ImageObject\",\"@id\":\"https:\/\/inceptum.de\/dvl\/loesungen\/personalwesen\/sage-reisemanagement\/#primaryimage\",\"inLanguage\":\"de\",\"url\":\"http:\/\/inceptum.de\/dvl\/wp-content\/uploads\/2015\/11\/reisekosten.png\"},{\"@type\":\"WebPage\",\"@id\":\"https:\/\/inceptum.de\/dvl\/loesungen\/personalwesen\/sage-reisemanagement\/#webpage\",\"url\":\"https:\/\/inceptum.de\/dvl\/loesungen\/personalwesen\/sage-reisemanagement\/\",\"name\":\"Reisekosten - Inceptum DV-L\\u00f6sungen GmbH\",\"isPartOf\":{\"@id\":\"https:\/\/inceptum.de\/dvl\/#website\"},\"primaryImageOfPage\":{\"@id\":\"https:\/\/inceptum.de\/dvl\/loesungen\/personalwesen\/sage-reisemanagement\/#primaryimage\"},\"datePublished\":\"2015-11-04T13:17:11+00:00\",\"dateModified\":\"2016-10-12T14:24:40+00:00\",\"breadcrumb\":{\"@id\":\"https:\/\/inceptum.de\/dvl\/loesungen\/personalwesen\/sage-reisemanagement\/#breadcrumb\"},\"inLanguage\":\"de\",\"potentialAction\":[{\"@type\":\"ReadAction\",\"target\":[\"https:\/\/inceptum.de\/dvl\/loesungen\/personalwesen\/sage-reisemanagement\/\"]}]},{\"@type\":\"BreadcrumbList\",\"@id\":\"https:\/\/inceptum.de\/dvl\/loesungen\/personalwesen\/sage-reisemanagement\/#breadcrumb\",\"itemListElement\":[{\"@type\":\"ListItem\",\"position\":1,\"item\":{\"@type\":\"WebPage\",\"@id\":\"https:\/\/inceptum.de\/dvl\/\",\"url\":\"https:\/\/inceptum.de\/dvl\/\",\"name\":\"Home\"}},{\"@type\":\"ListItem\",\"position\":2,\"item\":{\"@type\":\"WebPage\",\"@id\":\"https:\/\/inceptum.de\/dvl\/loesungen\/\",\"url\":\"https:\/\/inceptum.de\/dvl\/loesungen\/\",\"name\":\"L\\u00f6sungen\"}},{\"@type\":\"ListItem\",\"position\":3,\"item\":{\"@type\":\"WebPage\",\"@id\":\"https:\/\/inceptum.de\/dvl\/loesungen\/personalwesen\/\",\"url\":\"https:\/\/inceptum.de\/dvl\/loesungen\/personalwesen\/\",\"name\":\"Personalwesen\"}},{\"@type\":\"ListItem\",\"position\":4,\"item\":{\"@type\":\"WebPage\",\"@id\":\"https:\/\/inceptum.de\/dvl\/loesungen\/personalwesen\/sage-reisemanagement\/\",\"url\":\"https:\/\/inceptum.de\/dvl\/loesungen\/personalwesen\/sage-reisemanagement\/\",\"name\":\"Reisekosten\"}}]}]}<\/script>\n<!-- \/ Yoast SEO plugin. -->","_links":{"self":[{"href":"https:\/\/inceptum.de\/dvl\/wp-json\/wp\/v2\/pages\/12150"}],"collection":[{"href":"https:\/\/inceptum.de\/dvl\/wp-json\/wp\/v2\/pages"}],"about":[{"href":"https:\/\/inceptum.de\/dvl\/wp-json\/wp\/v2\/types\/page"}],"author":[{"embeddable":true,"href":"https:\/\/inceptum.de\/dvl\/wp-json\/wp\/v2\/users\/8"}],"replies":[{"embeddable":true,"href":"https:\/\/inceptum.de\/dvl\/wp-json\/wp\/v2\/comments?post=12150"}],"version-history":[{"count":5,"href":"https:\/\/inceptum.de\/dvl\/wp-json\/wp\/v2\/pages\/12150\/revisions"}],"predecessor-version":[{"id":12372,"href":"https:\/\/inceptum.de\/dvl\/wp-json\/wp\/v2\/pages\/12150\/revisions\/12372"}],"up":[{"embeddable":true,"href":"https:\/\/inceptum.de\/dvl\/wp-json\/wp\/v2\/pages\/12135"}],"wp:attachment":[{"href":"https:\/\/inceptum.de\/dvl\/wp-json\/wp\/v2\/media?parent=12150"}],"curies":[{"name":"wp","href":"https:\/\/api.w.org\/{rel}","templated":true}]}}