{"id":12146,"date":"2015-11-04T13:15:22","date_gmt":"2015-11-04T13:15:22","guid":{"rendered":"http:\/\/inceptum.de\/dvl\/?page_id=12146"},"modified":"2016-10-12T14:28:08","modified_gmt":"2016-10-12T14:28:08","slug":"sage-personalkostenplanung","status":"publish","type":"page","link":"https:\/\/inceptum.de\/dvl\/loesungen\/personalwesen\/sage-personalkostenplanung\/","title":{"rendered":"Personalkostenplanung"},"content":{"rendered":"<div class=\"fusion-fullwidth fullwidth-box fusion-fullwidth-1  fusion-parallax-none nonhundred-percent-fullwidth\" style=\"border-color:#eae9e9;border-bottom-width: 0px;border-top-width: 0px;border-bottom-style: solid;border-top-style: solid;padding-bottom:20px;padding-top:20px;padding-left:0px;padding-right:0px;\"><style type=\"text\/css\" scoped=\"scoped\">.fusion-fullwidth-1 {\n                            padding-left: 0px !important;\n                            padding-right: 0px !important;\n                        }<\/style><div class=\"fusion-row\"><h2 class=\"margin-20\">Treffen Sie Ihre Entscheidungen auf Basis von Ist-Daten.<br \/>\nTagesaktuell, aussagekr\u00e4ftig, gesichert<\/h2>\n<ul class=\"bullet\">\n<li><strong>\u00dcbersichtliche Planung<\/strong>: F\u00fchren Sie Simulationen und Was-W\u00e4re-Wenn Szenarien einfach durch.<\/li>\n<li><strong>Bedarfsgerechte Personalplanung<\/strong>: Sie vermeiden Fehlplanung und damit \u00dcber- oder Unterkapazit\u00e4ten. Daf\u00fcr bringen Sie mehr Transparenz in Ihre Arbeitsleistung.<\/li>\n<li><strong>Exakte Planungsszenarien<\/strong>: Definieren Sie Einflussfaktoren auf die Entwicklung Ihrer Personalkosten. Ihr Vergleich gibt Ihnen Aufschluss \u00fcber die optimale Kostenstruktur.<\/li>\n<li><strong>Personalkosten steuern<\/strong>: Behalten Sie Ihr urspr\u00fcngliches Planungsszenario im Blick und stellen Sie es im Laufe des Gesch\u00e4ftsjahres den Ist-Werten gegen\u00fcber.<\/li>\n<li><strong>Planung mit Echtdaten<\/strong>: Sie greifen stets auf die aktuellsten Daten Ihrer Sage HR Lohn- und Gehaltsabrechnung zu. Das spart Ihnen aufwendige Exporte aus Fremdsystemen und fehleranf\u00e4llige Tabellenkalkulationen.<\/li>\n<li><strong>\u00dcbersichtliche Planung der Personalkostenbudgets<\/strong>: Stellen Sie Ihre Planungsergebnisse f\u00fcr jede F\u00fchrungsebene flexibel und bedarfsbezogen dar. Im Detail k\u00f6nnen Kostenstellen und Kostentr\u00e4ger sowie Organisationsbereiche zugeordnet werden. Schaffen Sie so ein st\u00e4rkeres Bewusstsein f\u00fcr die Relevanz des Planungsprozesses im Tagesgesch\u00e4ft.<\/li>\n<li><strong>Professionelles Personalcontrolling<\/strong>: Alle berechtigten Mitarbeiter und F\u00fchrungsebenen rufen Personalkennzahlen und Auswertungen jederzeit ab, exportieren und bearbeiten diese weiter oder erstellen flexibel eigene HR Reports. Vereinfachen Sie so Abstimmungen zwischen Fach- und Personalabteilung.<\/li>\n<li><strong>Flexible Arbeitszeitgestaltung<\/strong>: Senken Sie Ihre Personalkosten durch den Einsatz flexibler Arbeitszeitmodelle. Nutzen Sie eine intelligente und effiziente Planung und analysieren Sie Kapazit\u00e4ten unter Einhaltung der gesetzlichen, tarifvertraglichen und firmenspezifischen Bestimmungen.<\/li>\n<\/ul>\n<p><img loading=\"lazy\" class=\"aligncenter wp-image-12355 size-full\" src=\"http:\/\/inceptum.de\/dvl\/wp-content\/uploads\/2015\/11\/personalkostenplanung.png\" alt=\"Sage_Personalkostenplanung\" width=\"787\" height=\"431\" srcset=\"https:\/\/inceptum.de\/dvl\/wp-content\/uploads\/2015\/11\/personalkostenplanung.png 787w, https:\/\/inceptum.de\/dvl\/wp-content\/uploads\/2015\/11\/personalkostenplanung-300x164.png 300w, https:\/\/inceptum.de\/dvl\/wp-content\/uploads\/2015\/11\/personalkostenplanung-768x421.png 768w\" sizes=\"(max-width: 787px) 100vw, 787px\" \/><\/p>\n<\/div><\/div>\n","protected":false},"excerpt":{"rendered":"","protected":false},"author":8,"featured_media":0,"parent":12135,"menu_order":0,"comment_status":"closed","ping_status":"closed","template":"","meta":[],"yoast_head":"<!-- This site is optimized with the Yoast SEO plugin v15.9 - https:\/\/yoast.com\/wordpress\/plugins\/seo\/ -->\n<title>Personalkostenplanung - Inceptum DV-L\u00f6sungen GmbH<\/title>\n<meta name=\"robots\" content=\"index, follow, max-snippet:-1, max-image-preview:large, max-video-preview:-1\" \/>\n<link rel=\"canonical\" href=\"https:\/\/inceptum.de\/dvl\/loesungen\/personalwesen\/sage-personalkostenplanung\/\" \/>\n<meta property=\"og:locale\" content=\"de_DE\" \/>\n<meta property=\"og:type\" content=\"article\" \/>\n<meta property=\"og:title\" content=\"Personalkostenplanung - Inceptum DV-L\u00f6sungen GmbH\" \/>\n<meta property=\"og:url\" content=\"https:\/\/inceptum.de\/dvl\/loesungen\/personalwesen\/sage-personalkostenplanung\/\" \/>\n<meta property=\"og:site_name\" content=\"Inceptum DV-L\u00f6sungen GmbH\" \/>\n<meta property=\"article:modified_time\" content=\"2016-10-12T14:28:08+00:00\" \/>\n<meta property=\"og:image\" content=\"http:\/\/inceptum.de\/dvl\/wp-content\/uploads\/2015\/11\/personalkostenplanung.png\" \/>\n<meta name=\"twitter:card\" content=\"summary\" \/>\n<meta name=\"twitter:label1\" content=\"Gesch\u00e4tzte Lesezeit\">\n\t<meta name=\"twitter:data1\" content=\"2\u00a0Minuten\">\n<script type=\"application\/ld+json\" class=\"yoast-schema-graph\">{\"@context\":\"https:\/\/schema.org\",\"@graph\":[{\"@type\":\"Organization\",\"@id\":\"https:\/\/inceptum.de\/dvl\/#organization\",\"name\":\"Inceptum DV-L\\u00f6sungen GmbH\",\"url\":\"https:\/\/inceptum.de\/dvl\/\",\"sameAs\":[],\"logo\":{\"@type\":\"ImageObject\",\"@id\":\"https:\/\/inceptum.de\/dvl\/#logo\",\"inLanguage\":\"de\",\"url\":\"https:\/\/inceptum.de\/dvl\/wp-content\/uploads\/2015\/09\/Logo_blau.png\",\"width\":2897,\"height\":781,\"caption\":\"Inceptum DV-L\\u00f6sungen GmbH\"},\"image\":{\"@id\":\"https:\/\/inceptum.de\/dvl\/#logo\"}},{\"@type\":\"WebSite\",\"@id\":\"https:\/\/inceptum.de\/dvl\/#website\",\"url\":\"https:\/\/inceptum.de\/dvl\/\",\"name\":\"Inceptum DV-L\\u00f6sungen GmbH\",\"description\":\"Kaufm\\u00e4nnische Softwarel\\u00f6sungen f\\u00fcr den Mittelstand\",\"publisher\":{\"@id\":\"https:\/\/inceptum.de\/dvl\/#organization\"},\"potentialAction\":[{\"@type\":\"SearchAction\",\"target\":\"https:\/\/inceptum.de\/dvl\/?s={search_term_string}\",\"query-input\":\"required name=search_term_string\"}],\"inLanguage\":\"de\"},{\"@type\":\"ImageObject\",\"@id\":\"https:\/\/inceptum.de\/dvl\/loesungen\/personalwesen\/sage-personalkostenplanung\/#primaryimage\",\"inLanguage\":\"de\",\"url\":\"http:\/\/inceptum.de\/dvl\/wp-content\/uploads\/2015\/11\/personalkostenplanung.png\"},{\"@type\":\"WebPage\",\"@id\":\"https:\/\/inceptum.de\/dvl\/loesungen\/personalwesen\/sage-personalkostenplanung\/#webpage\",\"url\":\"https:\/\/inceptum.de\/dvl\/loesungen\/personalwesen\/sage-personalkostenplanung\/\",\"name\":\"Personalkostenplanung - Inceptum DV-L\\u00f6sungen GmbH\",\"isPartOf\":{\"@id\":\"https:\/\/inceptum.de\/dvl\/#website\"},\"primaryImageOfPage\":{\"@id\":\"https:\/\/inceptum.de\/dvl\/loesungen\/personalwesen\/sage-personalkostenplanung\/#primaryimage\"},\"datePublished\":\"2015-11-04T13:15:22+00:00\",\"dateModified\":\"2016-10-12T14:28:08+00:00\",\"breadcrumb\":{\"@id\":\"https:\/\/inceptum.de\/dvl\/loesungen\/personalwesen\/sage-personalkostenplanung\/#breadcrumb\"},\"inLanguage\":\"de\",\"potentialAction\":[{\"@type\":\"ReadAction\",\"target\":[\"https:\/\/inceptum.de\/dvl\/loesungen\/personalwesen\/sage-personalkostenplanung\/\"]}]},{\"@type\":\"BreadcrumbList\",\"@id\":\"https:\/\/inceptum.de\/dvl\/loesungen\/personalwesen\/sage-personalkostenplanung\/#breadcrumb\",\"itemListElement\":[{\"@type\":\"ListItem\",\"position\":1,\"item\":{\"@type\":\"WebPage\",\"@id\":\"https:\/\/inceptum.de\/dvl\/\",\"url\":\"https:\/\/inceptum.de\/dvl\/\",\"name\":\"Home\"}},{\"@type\":\"ListItem\",\"position\":2,\"item\":{\"@type\":\"WebPage\",\"@id\":\"https:\/\/inceptum.de\/dvl\/loesungen\/\",\"url\":\"https:\/\/inceptum.de\/dvl\/loesungen\/\",\"name\":\"L\\u00f6sungen\"}},{\"@type\":\"ListItem\",\"position\":3,\"item\":{\"@type\":\"WebPage\",\"@id\":\"https:\/\/inceptum.de\/dvl\/loesungen\/personalwesen\/\",\"url\":\"https:\/\/inceptum.de\/dvl\/loesungen\/personalwesen\/\",\"name\":\"Personalwesen\"}},{\"@type\":\"ListItem\",\"position\":4,\"item\":{\"@type\":\"WebPage\",\"@id\":\"https:\/\/inceptum.de\/dvl\/loesungen\/personalwesen\/sage-personalkostenplanung\/\",\"url\":\"https:\/\/inceptum.de\/dvl\/loesungen\/personalwesen\/sage-personalkostenplanung\/\",\"name\":\"Personalkostenplanung\"}}]}]}<\/script>\n<!-- \/ Yoast SEO plugin. -->","_links":{"self":[{"href":"https:\/\/inceptum.de\/dvl\/wp-json\/wp\/v2\/pages\/12146"}],"collection":[{"href":"https:\/\/inceptum.de\/dvl\/wp-json\/wp\/v2\/pages"}],"about":[{"href":"https:\/\/inceptum.de\/dvl\/wp-json\/wp\/v2\/types\/page"}],"author":[{"embeddable":true,"href":"https:\/\/inceptum.de\/dvl\/wp-json\/wp\/v2\/users\/8"}],"replies":[{"embeddable":true,"href":"https:\/\/inceptum.de\/dvl\/wp-json\/wp\/v2\/comments?post=12146"}],"version-history":[{"count":3,"href":"https:\/\/inceptum.de\/dvl\/wp-json\/wp\/v2\/pages\/12146\/revisions"}],"predecessor-version":[{"id":12374,"href":"https:\/\/inceptum.de\/dvl\/wp-json\/wp\/v2\/pages\/12146\/revisions\/12374"}],"up":[{"embeddable":true,"href":"https:\/\/inceptum.de\/dvl\/wp-json\/wp\/v2\/pages\/12135"}],"wp:attachment":[{"href":"https:\/\/inceptum.de\/dvl\/wp-json\/wp\/v2\/media?parent=12146"}],"curies":[{"name":"wp","href":"https:\/\/api.w.org\/{rel}","templated":true}]}}