{"id":12141,"date":"2015-11-04T13:02:22","date_gmt":"2015-11-04T13:02:22","guid":{"rendered":"http:\/\/inceptum.de\/dvl\/?page_id=12141"},"modified":"2016-10-12T14:22:49","modified_gmt":"2016-10-12T14:22:49","slug":"sage-mitarbeiterportal","status":"publish","type":"page","link":"https:\/\/inceptum.de\/dvl\/loesungen\/personalwesen\/sage-mitarbeiterportal\/","title":{"rendered":"Mitarbeiterportal"},"content":{"rendered":"<div class=\"fusion-fullwidth fullwidth-box fusion-fullwidth-1  fusion-parallax-none nonhundred-percent-fullwidth\" style=\"border-color:#eae9e9;border-bottom-width: 0px;border-top-width: 0px;border-bottom-style: solid;border-top-style: solid;padding-bottom:20px;padding-top:20px;padding-left:0px;padding-right:0px;\"><style type=\"text\/css\" scoped=\"scoped\">.fusion-fullwidth-1 {\n                            padding-left: 0px !important;\n                            padding-right: 0px !important;\n                        }<\/style><div class=\"fusion-row\"><h2 class=\"margin-20\">Beziehen Sie Mitarbeiter und F\u00fchrungskr\u00e4fte in Ihre Personalarbeit ein.<br \/>\nKommunikativ, bindend, motivierend<\/h2>\n<ul class=\"bullet\">\n<li><strong>Manager-Service<\/strong>: Ihre F\u00fchrungskr\u00e4fte wirken in personalwirtschaftlichen Prozessen wie Mitarbeiterentwicklung, Zielvereinbarung und -genehmigung, Budgetierungs- und Rekrutierungsverfahren effizient mit.<\/li>\n<li><strong>Mitarbeiter-Service<\/strong>: Ihre Mitarbeiter greifen \u2013 unabh\u00e4ngig von Ort oder Zeit \u2013 auf alle Informationen, Tools und Services zu, die sie f\u00fcr ihre Arbeit brauchen.<\/li>\n<li><strong>Bessere Kommunikation untereinander<\/strong>: Personalaufgaben werden effizienter verteilt und die Personalarbeit erf\u00e4hrt gr\u00f6\u00dfere Akzeptanz \u2013 weil Ihre Mitarbeiter und F\u00fchrungskr\u00e4fte von Beginn an einbezogen werden.<\/li>\n<\/ul>\n<p><img loading=\"lazy\" class=\"aligncenter wp-image-12352 size-full\" src=\"http:\/\/inceptum.de\/dvl\/wp-content\/uploads\/2015\/11\/mitarbeiterportal.png\" alt=\"Sage_Mitarbeiterportal\" width=\"788\" height=\"432\" srcset=\"https:\/\/inceptum.de\/dvl\/wp-content\/uploads\/2015\/11\/mitarbeiterportal.png 788w, https:\/\/inceptum.de\/dvl\/wp-content\/uploads\/2015\/11\/mitarbeiterportal-300x164.png 300w, https:\/\/inceptum.de\/dvl\/wp-content\/uploads\/2015\/11\/mitarbeiterportal-768x421.png 768w\" sizes=\"(max-width: 788px) 100vw, 788px\" \/><\/p>\n<\/div><\/div>\n","protected":false},"excerpt":{"rendered":"","protected":false},"author":8,"featured_media":0,"parent":12135,"menu_order":0,"comment_status":"closed","ping_status":"closed","template":"","meta":[],"yoast_head":"<!-- This site is optimized with the Yoast SEO plugin v15.9 - https:\/\/yoast.com\/wordpress\/plugins\/seo\/ -->\n<title>Mitarbeiterportal - Inceptum DV-L\u00f6sungen GmbH<\/title>\n<meta name=\"robots\" content=\"index, follow, max-snippet:-1, max-image-preview:large, max-video-preview:-1\" \/>\n<link rel=\"canonical\" href=\"https:\/\/inceptum.de\/dvl\/loesungen\/personalwesen\/sage-mitarbeiterportal\/\" \/>\n<meta property=\"og:locale\" content=\"de_DE\" \/>\n<meta property=\"og:type\" content=\"article\" \/>\n<meta property=\"og:title\" content=\"Mitarbeiterportal - Inceptum DV-L\u00f6sungen GmbH\" \/>\n<meta property=\"og:url\" content=\"https:\/\/inceptum.de\/dvl\/loesungen\/personalwesen\/sage-mitarbeiterportal\/\" \/>\n<meta property=\"og:site_name\" content=\"Inceptum DV-L\u00f6sungen GmbH\" \/>\n<meta property=\"article:modified_time\" content=\"2016-10-12T14:22:49+00:00\" \/>\n<meta property=\"og:image\" content=\"http:\/\/inceptum.de\/dvl\/wp-content\/uploads\/2015\/11\/mitarbeiterportal.png\" \/>\n<meta name=\"twitter:card\" content=\"summary\" \/>\n<meta name=\"twitter:label1\" content=\"Gesch\u00e4tzte Lesezeit\">\n\t<meta name=\"twitter:data1\" content=\"1\u00a0Minute\">\n<script type=\"application\/ld+json\" class=\"yoast-schema-graph\">{\"@context\":\"https:\/\/schema.org\",\"@graph\":[{\"@type\":\"Organization\",\"@id\":\"https:\/\/inceptum.de\/dvl\/#organization\",\"name\":\"Inceptum DV-L\\u00f6sungen GmbH\",\"url\":\"https:\/\/inceptum.de\/dvl\/\",\"sameAs\":[],\"logo\":{\"@type\":\"ImageObject\",\"@id\":\"https:\/\/inceptum.de\/dvl\/#logo\",\"inLanguage\":\"de\",\"url\":\"https:\/\/inceptum.de\/dvl\/wp-content\/uploads\/2015\/09\/Logo_blau.png\",\"width\":2897,\"height\":781,\"caption\":\"Inceptum DV-L\\u00f6sungen GmbH\"},\"image\":{\"@id\":\"https:\/\/inceptum.de\/dvl\/#logo\"}},{\"@type\":\"WebSite\",\"@id\":\"https:\/\/inceptum.de\/dvl\/#website\",\"url\":\"https:\/\/inceptum.de\/dvl\/\",\"name\":\"Inceptum DV-L\\u00f6sungen GmbH\",\"description\":\"Kaufm\\u00e4nnische Softwarel\\u00f6sungen f\\u00fcr den Mittelstand\",\"publisher\":{\"@id\":\"https:\/\/inceptum.de\/dvl\/#organization\"},\"potentialAction\":[{\"@type\":\"SearchAction\",\"target\":\"https:\/\/inceptum.de\/dvl\/?s={search_term_string}\",\"query-input\":\"required name=search_term_string\"}],\"inLanguage\":\"de\"},{\"@type\":\"ImageObject\",\"@id\":\"https:\/\/inceptum.de\/dvl\/loesungen\/personalwesen\/sage-mitarbeiterportal\/#primaryimage\",\"inLanguage\":\"de\",\"url\":\"http:\/\/inceptum.de\/dvl\/wp-content\/uploads\/2015\/11\/mitarbeiterportal.png\"},{\"@type\":\"WebPage\",\"@id\":\"https:\/\/inceptum.de\/dvl\/loesungen\/personalwesen\/sage-mitarbeiterportal\/#webpage\",\"url\":\"https:\/\/inceptum.de\/dvl\/loesungen\/personalwesen\/sage-mitarbeiterportal\/\",\"name\":\"Mitarbeiterportal - Inceptum DV-L\\u00f6sungen GmbH\",\"isPartOf\":{\"@id\":\"https:\/\/inceptum.de\/dvl\/#website\"},\"primaryImageOfPage\":{\"@id\":\"https:\/\/inceptum.de\/dvl\/loesungen\/personalwesen\/sage-mitarbeiterportal\/#primaryimage\"},\"datePublished\":\"2015-11-04T13:02:22+00:00\",\"dateModified\":\"2016-10-12T14:22:49+00:00\",\"breadcrumb\":{\"@id\":\"https:\/\/inceptum.de\/dvl\/loesungen\/personalwesen\/sage-mitarbeiterportal\/#breadcrumb\"},\"inLanguage\":\"de\",\"potentialAction\":[{\"@type\":\"ReadAction\",\"target\":[\"https:\/\/inceptum.de\/dvl\/loesungen\/personalwesen\/sage-mitarbeiterportal\/\"]}]},{\"@type\":\"BreadcrumbList\",\"@id\":\"https:\/\/inceptum.de\/dvl\/loesungen\/personalwesen\/sage-mitarbeiterportal\/#breadcrumb\",\"itemListElement\":[{\"@type\":\"ListItem\",\"position\":1,\"item\":{\"@type\":\"WebPage\",\"@id\":\"https:\/\/inceptum.de\/dvl\/\",\"url\":\"https:\/\/inceptum.de\/dvl\/\",\"name\":\"Home\"}},{\"@type\":\"ListItem\",\"position\":2,\"item\":{\"@type\":\"WebPage\",\"@id\":\"https:\/\/inceptum.de\/dvl\/loesungen\/\",\"url\":\"https:\/\/inceptum.de\/dvl\/loesungen\/\",\"name\":\"L\\u00f6sungen\"}},{\"@type\":\"ListItem\",\"position\":3,\"item\":{\"@type\":\"WebPage\",\"@id\":\"https:\/\/inceptum.de\/dvl\/loesungen\/personalwesen\/\",\"url\":\"https:\/\/inceptum.de\/dvl\/loesungen\/personalwesen\/\",\"name\":\"Personalwesen\"}},{\"@type\":\"ListItem\",\"position\":4,\"item\":{\"@type\":\"WebPage\",\"@id\":\"https:\/\/inceptum.de\/dvl\/loesungen\/personalwesen\/sage-mitarbeiterportal\/\",\"url\":\"https:\/\/inceptum.de\/dvl\/loesungen\/personalwesen\/sage-mitarbeiterportal\/\",\"name\":\"Mitarbeiterportal\"}}]}]}<\/script>\n<!-- \/ Yoast SEO plugin. -->","_links":{"self":[{"href":"https:\/\/inceptum.de\/dvl\/wp-json\/wp\/v2\/pages\/12141"}],"collection":[{"href":"https:\/\/inceptum.de\/dvl\/wp-json\/wp\/v2\/pages"}],"about":[{"href":"https:\/\/inceptum.de\/dvl\/wp-json\/wp\/v2\/types\/page"}],"author":[{"embeddable":true,"href":"https:\/\/inceptum.de\/dvl\/wp-json\/wp\/v2\/users\/8"}],"replies":[{"embeddable":true,"href":"https:\/\/inceptum.de\/dvl\/wp-json\/wp\/v2\/comments?post=12141"}],"version-history":[{"count":3,"href":"https:\/\/inceptum.de\/dvl\/wp-json\/wp\/v2\/pages\/12141\/revisions"}],"predecessor-version":[{"id":12370,"href":"https:\/\/inceptum.de\/dvl\/wp-json\/wp\/v2\/pages\/12141\/revisions\/12370"}],"up":[{"embeddable":true,"href":"https:\/\/inceptum.de\/dvl\/wp-json\/wp\/v2\/pages\/12135"}],"wp:attachment":[{"href":"https:\/\/inceptum.de\/dvl\/wp-json\/wp\/v2\/media?parent=12141"}],"curies":[{"name":"wp","href":"https:\/\/api.w.org\/{rel}","templated":true}]}}