{"id":11604,"date":"2015-01-08T10:31:57","date_gmt":"2015-01-08T10:31:57","guid":{"rendered":"http:\/\/inceptumgroup.de\/?page_id=11604"},"modified":"2015-11-04T12:26:13","modified_gmt":"2015-11-04T12:26:13","slug":"datenschutz","status":"publish","type":"page","link":"https:\/\/inceptum.de\/dvl\/datenschutz\/","title":{"rendered":"Datenschutz"},"content":{"rendered":"<p><strong>Datenschutz-Hinweise<\/strong><\/p>\n<p>Wir nehmen den Datenschutz ernst. Die Erhebung Ihrer Daten erfolgt im Rahmen der gesetzlichen Vorschriften. \u00dcber diese k\u00f6nnen Sie sich unter www.bfd.bund.de umfassend informieren.<\/p>\n<p>Automatisch erfasste nicht personenbezogene Daten:<br \/>\nBei jedem Zugriff eines Nutzers auf eine unserer Seiten und bei jedem Abruf einer Datei werden \u00fcber diesen Vorgang Daten in einer Protokolldatei gespeichert. Die Speicherung dient ausschlie\u00dflich internen systembezogenen und statistischen Zwecken. Die gespeicherten Daten lassen keine R\u00fcckschl\u00fcsse auf Ihre Person zu. Diese Daten werden beim Zugriff auf jede andere Webseite im Internet ebenso generiert.<\/p>\n<p>Im Einzelnen wird \u00fcber jeden Abruf folgender Datensatz gespeichert:<\/p>\n<p>&#8211; Name der abgerufenen Datei<br \/>\n&#8211; Datum und Uhrzeit des Abrufs<br \/>\n&#8211; \u00fcbertragene Datenmenge<br \/>\n&#8211; Meldung, ob der Abruf erfolgreich war<br \/>\n&#8211; Beschreibung des Typs des verwendeten Webbrowsers<br \/>\n&#8211; anfragende Domain<br \/>\n&#8211; IP-Adresse des anfragenden PCs<br \/>\nPers\u00f6nliche Angaben:<br \/>\nDie im Rahmen ihrer Anfrage gemachten Angaben sind freiwillig und dienen der Pflege der Kundenbeziehung.<\/p>\n<p>Erzeugung von Cookies:<br \/>\nWenn Sie eine unserer Websites besuchen, kann es sein, dass durch uns veranlasst Informationen in Form eines &#8220;Cookies&#8221; auf Ihrem Computer abgelegt werden, die Ihren Computer f\u00fcr die Dauer Ihres Besuches identifizieren und bei einer sp\u00e4teren R\u00fcckkehr auf unsere Seite wieder erkennen. Wenn Sie nicht w\u00fcnschen, dass wir oder andere Internetseiten Informationen \u00fcber Ihren Computer wieder &#8220;erkennen&#8221;, stellen Sie Ihren Internetbrowser bitte so ein, dass er Cookies von Ihrer Computerfestplatte l\u00f6scht, alle Cookies blockiert oder Sie warnt, bevor ein Cookie gespeichert wird.<\/p>\n<p>Protokollierung:<br \/>\nAuf dieser Website werden zu Marketing- und Optimierungszwecken Analysetools \/ Live Support und weitere Technologien der Inceptum Business Solutions GmbH\u00a0(www.inceptumgroup.de) eingesetzt. Hierbei werden Daten in anonymisierter Form gesammelt und gespeichert, wie beispielsweise der Name Ihres Internetserviceproviders, welche Seiten unseres Internetangebotes Sie besucht haben. Hierzu k\u00f6nnen auch Cookies eingesetzt werden, die Daten ebenfalls nur in anonymisierter Form speichern. IP-Adressen werden grunds\u00e4tzlich unkenntlich abgespeichert, so dass eine Rekonstruktion der IP-Adressen nicht mehr m\u00f6glich ist. Aus diesen Daten werden &#8211; ggf. unter einem anonymisierten Pseudonym &#8211; Nutzungsprofile und statistische Auswertungen \u00fcber das Besucherverhalten auf der Webseite erstellt, gespeichert und ausgewertet sowie Echtzeitkommunikation erm\u00f6glicht. Die erhobenen Daten werden nicht dazu genutzt, den Besucher dieser Webseite pers\u00f6nlich zu identifizieren, der einzelne Nutzer bleibt anonym, es werden keinerlei Daten an Dritte weitergegeben.<\/p>\n<p>&nbsp;<\/p>\n","protected":false},"excerpt":{"rendered":"<p>Datenschutz-Hinweise Wir nehmen den Datenschutz ernst. Die Erhebung Ihrer Daten erfolgt im Rahmen der gesetzlichen Vorschriften. \u00dcber diese k\u00f6nnen Sie sich unter www.bfd.bund.de umfassend informieren. Automatisch erfasste nicht personenbezogene Daten: Bei jedem Zugriff eines Nutzers auf eine unserer Seiten und bei jedem Abruf einer Datei werden \u00fcber diesen Vorgang Daten in einer Protokolldatei gespeichert. Die [&hellip;]<\/p>\n","protected":false},"author":8,"featured_media":0,"parent":0,"menu_order":0,"comment_status":"open","ping_status":"open","template":"","meta":[],"yoast_head":"<!-- This site is optimized with the Yoast SEO plugin v15.9 - https:\/\/yoast.com\/wordpress\/plugins\/seo\/ -->\n<title>Datenschutz - Inceptum DV-L\u00f6sungen GmbH<\/title>\n<meta name=\"robots\" content=\"index, follow, max-snippet:-1, max-image-preview:large, max-video-preview:-1\" \/>\n<link rel=\"canonical\" href=\"https:\/\/inceptum.de\/dvl\/datenschutz\/\" \/>\n<meta property=\"og:locale\" content=\"de_DE\" \/>\n<meta property=\"og:type\" content=\"article\" \/>\n<meta property=\"og:title\" content=\"Datenschutz - Inceptum DV-L\u00f6sungen GmbH\" \/>\n<meta property=\"og:description\" content=\"Datenschutz-Hinweise Wir nehmen den Datenschutz ernst. Die Erhebung Ihrer Daten erfolgt im Rahmen der gesetzlichen Vorschriften. \u00dcber diese k\u00f6nnen Sie sich unter www.bfd.bund.de umfassend informieren. Automatisch erfasste nicht personenbezogene Daten: Bei jedem Zugriff eines Nutzers auf eine unserer Seiten und bei jedem Abruf einer Datei werden \u00fcber diesen Vorgang Daten in einer Protokolldatei gespeichert. Die [&hellip;]\" \/>\n<meta property=\"og:url\" content=\"https:\/\/inceptum.de\/dvl\/datenschutz\/\" \/>\n<meta property=\"og:site_name\" content=\"Inceptum DV-L\u00f6sungen GmbH\" \/>\n<meta property=\"article:modified_time\" content=\"2015-11-04T12:26:13+00:00\" \/>\n<meta name=\"twitter:card\" content=\"summary\" \/>\n<meta name=\"twitter:label1\" content=\"Gesch\u00e4tzte Lesezeit\">\n\t<meta name=\"twitter:data1\" content=\"2\u00a0Minuten\">\n<script type=\"application\/ld+json\" class=\"yoast-schema-graph\">{\"@context\":\"https:\/\/schema.org\",\"@graph\":[{\"@type\":\"Organization\",\"@id\":\"https:\/\/inceptum.de\/dvl\/#organization\",\"name\":\"Inceptum DV-L\\u00f6sungen GmbH\",\"url\":\"https:\/\/inceptum.de\/dvl\/\",\"sameAs\":[],\"logo\":{\"@type\":\"ImageObject\",\"@id\":\"https:\/\/inceptum.de\/dvl\/#logo\",\"inLanguage\":\"de\",\"url\":\"https:\/\/inceptum.de\/dvl\/wp-content\/uploads\/2015\/09\/Logo_blau.png\",\"width\":2897,\"height\":781,\"caption\":\"Inceptum DV-L\\u00f6sungen GmbH\"},\"image\":{\"@id\":\"https:\/\/inceptum.de\/dvl\/#logo\"}},{\"@type\":\"WebSite\",\"@id\":\"https:\/\/inceptum.de\/dvl\/#website\",\"url\":\"https:\/\/inceptum.de\/dvl\/\",\"name\":\"Inceptum DV-L\\u00f6sungen GmbH\",\"description\":\"Kaufm\\u00e4nnische Softwarel\\u00f6sungen f\\u00fcr den Mittelstand\",\"publisher\":{\"@id\":\"https:\/\/inceptum.de\/dvl\/#organization\"},\"potentialAction\":[{\"@type\":\"SearchAction\",\"target\":\"https:\/\/inceptum.de\/dvl\/?s={search_term_string}\",\"query-input\":\"required name=search_term_string\"}],\"inLanguage\":\"de\"},{\"@type\":\"WebPage\",\"@id\":\"https:\/\/inceptum.de\/dvl\/datenschutz\/#webpage\",\"url\":\"https:\/\/inceptum.de\/dvl\/datenschutz\/\",\"name\":\"Datenschutz - Inceptum DV-L\\u00f6sungen GmbH\",\"isPartOf\":{\"@id\":\"https:\/\/inceptum.de\/dvl\/#website\"},\"datePublished\":\"2015-01-08T10:31:57+00:00\",\"dateModified\":\"2015-11-04T12:26:13+00:00\",\"breadcrumb\":{\"@id\":\"https:\/\/inceptum.de\/dvl\/datenschutz\/#breadcrumb\"},\"inLanguage\":\"de\",\"potentialAction\":[{\"@type\":\"ReadAction\",\"target\":[\"https:\/\/inceptum.de\/dvl\/datenschutz\/\"]}]},{\"@type\":\"BreadcrumbList\",\"@id\":\"https:\/\/inceptum.de\/dvl\/datenschutz\/#breadcrumb\",\"itemListElement\":[{\"@type\":\"ListItem\",\"position\":1,\"item\":{\"@type\":\"WebPage\",\"@id\":\"https:\/\/inceptum.de\/dvl\/\",\"url\":\"https:\/\/inceptum.de\/dvl\/\",\"name\":\"Home\"}},{\"@type\":\"ListItem\",\"position\":2,\"item\":{\"@type\":\"WebPage\",\"@id\":\"https:\/\/inceptum.de\/dvl\/datenschutz\/\",\"url\":\"https:\/\/inceptum.de\/dvl\/datenschutz\/\",\"name\":\"Datenschutz\"}}]}]}<\/script>\n<!-- \/ Yoast SEO plugin. -->","_links":{"self":[{"href":"https:\/\/inceptum.de\/dvl\/wp-json\/wp\/v2\/pages\/11604"}],"collection":[{"href":"https:\/\/inceptum.de\/dvl\/wp-json\/wp\/v2\/pages"}],"about":[{"href":"https:\/\/inceptum.de\/dvl\/wp-json\/wp\/v2\/types\/page"}],"author":[{"embeddable":true,"href":"https:\/\/inceptum.de\/dvl\/wp-json\/wp\/v2\/users\/8"}],"replies":[{"embeddable":true,"href":"https:\/\/inceptum.de\/dvl\/wp-json\/wp\/v2\/comments?post=11604"}],"version-history":[{"count":5,"href":"https:\/\/inceptum.de\/dvl\/wp-json\/wp\/v2\/pages\/11604\/revisions"}],"predecessor-version":[{"id":12118,"href":"https:\/\/inceptum.de\/dvl\/wp-json\/wp\/v2\/pages\/11604\/revisions\/12118"}],"wp:attachment":[{"href":"https:\/\/inceptum.de\/dvl\/wp-json\/wp\/v2\/media?parent=11604"}],"curies":[{"name":"wp","href":"https:\/\/api.w.org\/{rel}","templated":true}]}}