{"id":11538,"date":"2014-12-22T13:09:41","date_gmt":"2014-12-22T13:09:41","guid":{"rendered":"http:\/\/inceptumgroup.de\/?page_id=11538"},"modified":"2015-11-05T11:55:33","modified_gmt":"2015-11-05T11:55:33","slug":"infomaterial-anfordern","status":"publish","type":"page","link":"https:\/\/inceptum.de\/dvl\/infomaterial-anfordern\/","title":{"rendered":"Infomaterial anfordern"},"content":{"rendered":"<div class=\"fusion-fullwidth fullwidth-box fusion-fullwidth-1  fusion-parallax-none nonhundred-percent-fullwidth\" style=\"border-color:#eae9e9;border-bottom-width: 0px;border-top-width: 0px;border-bottom-style: solid;border-top-style: solid;padding-bottom:20px;padding-top:20px;padding-left:0px;padding-right:0px;\"><style type=\"text\/css\" scoped=\"scoped\">.fusion-fullwidth-1 {\n                            padding-left: 0px !important;\n                            padding-right: 0px !important;\n                        }<\/style><div class=\"fusion-row\"><h2>Infomaterial anfordern<\/h2>\n<p>Sie m\u00f6chten sich vor einer Pr\u00e4sentation und einem pers\u00f6nlichen Gespr\u00e4ch ersteinmal unverbindlich informieren?<br \/>\nGerne senden wir Ihnen alle gew\u00fcnschten Informationen zu unseren L\u00f6sungen\u00a0im Bereich\u00a0<strong>ERP,\u00a0Personalwesen<\/strong>\u00a0oder\u00a0<strong>Rechnungswesen\/Controlling<\/strong>\u00a0auch per Mail zu.<\/p>\n<p>Nutzen Sie einfach das nachfolgende Kontaktformular und Sie erhalten kurzfristig eine Mail mit allen Infos im PDF Format.<\/p>\n<p>Wir freuen uns auf Ihre Anfrage!<\/p>\n<\/div><\/div><div class=\"fusion-one-half fusion-layout-column fusion-column-last fusion-spacing-yes\" style=\"margin-top:0px;margin-bottom:20px;\"><div class=\"fusion-column-wrapper\"><div role=\"form\" class=\"wpcf7\" id=\"wpcf7-f11529-o1\" lang=\"de-DE\" dir=\"ltr\">\n<div class=\"screen-reader-response\"><p role=\"status\" aria-live=\"polite\" aria-atomic=\"true\"><\/p> <ul><\/ul><\/div>\n<form action=\"\/dvl\/wp-json\/wp\/v2\/pages\/11538#wpcf7-f11529-o1\" method=\"post\" class=\"wpcf7-form init\" novalidate=\"novalidate\" data-status=\"init\">\n<div style=\"display: none;\">\n<input type=\"hidden\" name=\"_wpcf7\" value=\"11529\" \/>\n<input type=\"hidden\" name=\"_wpcf7_version\" value=\"5.5.6.1\" \/>\n<input type=\"hidden\" name=\"_wpcf7_locale\" value=\"de_DE\" \/>\n<input type=\"hidden\" name=\"_wpcf7_unit_tag\" value=\"wpcf7-f11529-o1\" \/>\n<input type=\"hidden\" name=\"_wpcf7_container_post\" value=\"0\" \/>\n<input type=\"hidden\" name=\"_wpcf7_posted_data_hash\" value=\"\" \/>\n<\/div>\n<p>Ihr Name (Pflichtfeld)<br \/>\n    <span class=\"wpcf7-form-control-wrap your-name\"><input type=\"text\" name=\"your-name\" value=\"\" size=\"40\" class=\"wpcf7-form-control wpcf7-text wpcf7-validates-as-required\" aria-required=\"true\" aria-invalid=\"false\" \/><\/span> <\/p>\n<p>Firma (Pflichtfeld)<br \/>\n    <span class=\"wpcf7-form-control-wrap your-firma\"><input type=\"text\" name=\"your-firma\" value=\"\" size=\"40\" class=\"wpcf7-form-control wpcf7-text wpcf7-validates-as-required\" aria-required=\"true\" aria-invalid=\"false\" \/><\/span> <\/p>\n<p>Ihre Telefon (Pflichtfeld)<br \/>\n    <span class=\"wpcf7-form-control-wrap tel-487\"><input type=\"tel\" name=\"tel-487\" value=\"\" size=\"40\" class=\"wpcf7-form-control wpcf7-text wpcf7-tel wpcf7-validates-as-required wpcf7-validates-as-tel\" aria-required=\"true\" aria-invalid=\"false\" \/><\/span> <\/p>\n<p>Ihre E-Mail-Adresse (Pflichtfeld)<br \/>\n    <span class=\"wpcf7-form-control-wrap your-email\"><input type=\"email\" name=\"your-email\" value=\"\" size=\"40\" class=\"wpcf7-form-control wpcf7-text wpcf7-email wpcf7-validates-as-required wpcf7-validates-as-email\" aria-required=\"true\" aria-invalid=\"false\" \/><\/span> <\/p>\n<p><input type=\"hidden\" name=\"_wpcf7_captcha_challenge_captcha-886\" value=\"2887130276\" \/><img class=\"wpcf7-form-control wpcf7-captchac wpcf7-captcha-captcha-886\" width=\"72\" height=\"24\" alt=\"captcha\" src=\"https:\/\/inceptum.de\/dvl\/wp-content\/uploads\/wpcf7_captcha\/2887130276.png\" \/><br \/>\n<span class=\"wpcf7-form-control-wrap captcha-886\"><input type=\"text\" name=\"captcha-886\" value=\"\" size=\"40\" class=\"wpcf7-form-control wpcf7-captchar\" autocomplete=\"off\" aria-invalid=\"false\" \/><\/span><\/p>\n<p><input type=\"submit\" value=\"Senden\" class=\"wpcf7-form-control has-spinner wpcf7-submit\" \/><\/p>\n<div class=\"wpcf7-response-output\" aria-hidden=\"true\"><\/div><\/form><\/div>\n<div class=\"fusion-clearfix\"><\/div><\/div><\/div><div class=\"fusion-clearfix\"><\/div>\n","protected":false},"excerpt":{"rendered":"","protected":false},"author":8,"featured_media":0,"parent":0,"menu_order":11,"comment_status":"open","ping_status":"open","template":"","meta":[],"yoast_head":"<!-- This site is optimized with the Yoast SEO plugin v15.9 - https:\/\/yoast.com\/wordpress\/plugins\/seo\/ -->\n<title>Infomaterial anfordern - Inceptum DV-L\u00f6sungen GmbH<\/title>\n<meta name=\"robots\" content=\"index, follow, max-snippet:-1, max-image-preview:large, max-video-preview:-1\" \/>\n<link rel=\"canonical\" href=\"https:\/\/inceptum.de\/dvl\/infomaterial-anfordern\/\" \/>\n<meta property=\"og:locale\" content=\"de_DE\" \/>\n<meta property=\"og:type\" content=\"article\" \/>\n<meta property=\"og:title\" content=\"Infomaterial anfordern - Inceptum DV-L\u00f6sungen GmbH\" \/>\n<meta property=\"og:url\" content=\"https:\/\/inceptum.de\/dvl\/infomaterial-anfordern\/\" \/>\n<meta property=\"og:site_name\" content=\"Inceptum DV-L\u00f6sungen GmbH\" \/>\n<meta property=\"article:modified_time\" content=\"2015-11-05T11:55:33+00:00\" \/>\n<meta name=\"twitter:card\" content=\"summary\" \/>\n<meta name=\"twitter:label1\" content=\"Gesch\u00e4tzte Lesezeit\">\n\t<meta name=\"twitter:data1\" content=\"1\u00a0Minute\">\n<script type=\"application\/ld+json\" class=\"yoast-schema-graph\">{\"@context\":\"https:\/\/schema.org\",\"@graph\":[{\"@type\":\"Organization\",\"@id\":\"https:\/\/inceptum.de\/dvl\/#organization\",\"name\":\"Inceptum DV-L\\u00f6sungen GmbH\",\"url\":\"https:\/\/inceptum.de\/dvl\/\",\"sameAs\":[],\"logo\":{\"@type\":\"ImageObject\",\"@id\":\"https:\/\/inceptum.de\/dvl\/#logo\",\"inLanguage\":\"de\",\"url\":\"https:\/\/inceptum.de\/dvl\/wp-content\/uploads\/2015\/09\/Logo_blau.png\",\"width\":2897,\"height\":781,\"caption\":\"Inceptum DV-L\\u00f6sungen GmbH\"},\"image\":{\"@id\":\"https:\/\/inceptum.de\/dvl\/#logo\"}},{\"@type\":\"WebSite\",\"@id\":\"https:\/\/inceptum.de\/dvl\/#website\",\"url\":\"https:\/\/inceptum.de\/dvl\/\",\"name\":\"Inceptum DV-L\\u00f6sungen GmbH\",\"description\":\"Kaufm\\u00e4nnische Softwarel\\u00f6sungen f\\u00fcr den Mittelstand\",\"publisher\":{\"@id\":\"https:\/\/inceptum.de\/dvl\/#organization\"},\"potentialAction\":[{\"@type\":\"SearchAction\",\"target\":\"https:\/\/inceptum.de\/dvl\/?s={search_term_string}\",\"query-input\":\"required name=search_term_string\"}],\"inLanguage\":\"de\"},{\"@type\":\"WebPage\",\"@id\":\"https:\/\/inceptum.de\/dvl\/infomaterial-anfordern\/#webpage\",\"url\":\"https:\/\/inceptum.de\/dvl\/infomaterial-anfordern\/\",\"name\":\"Infomaterial anfordern - Inceptum DV-L\\u00f6sungen GmbH\",\"isPartOf\":{\"@id\":\"https:\/\/inceptum.de\/dvl\/#website\"},\"datePublished\":\"2014-12-22T13:09:41+00:00\",\"dateModified\":\"2015-11-05T11:55:33+00:00\",\"breadcrumb\":{\"@id\":\"https:\/\/inceptum.de\/dvl\/infomaterial-anfordern\/#breadcrumb\"},\"inLanguage\":\"de\",\"potentialAction\":[{\"@type\":\"ReadAction\",\"target\":[\"https:\/\/inceptum.de\/dvl\/infomaterial-anfordern\/\"]}]},{\"@type\":\"BreadcrumbList\",\"@id\":\"https:\/\/inceptum.de\/dvl\/infomaterial-anfordern\/#breadcrumb\",\"itemListElement\":[{\"@type\":\"ListItem\",\"position\":1,\"item\":{\"@type\":\"WebPage\",\"@id\":\"https:\/\/inceptum.de\/dvl\/\",\"url\":\"https:\/\/inceptum.de\/dvl\/\",\"name\":\"Home\"}},{\"@type\":\"ListItem\",\"position\":2,\"item\":{\"@type\":\"WebPage\",\"@id\":\"https:\/\/inceptum.de\/dvl\/infomaterial-anfordern\/\",\"url\":\"https:\/\/inceptum.de\/dvl\/infomaterial-anfordern\/\",\"name\":\"Infomaterial anfordern\"}}]}]}<\/script>\n<!-- \/ Yoast SEO plugin. -->","_links":{"self":[{"href":"https:\/\/inceptum.de\/dvl\/wp-json\/wp\/v2\/pages\/11538"}],"collection":[{"href":"https:\/\/inceptum.de\/dvl\/wp-json\/wp\/v2\/pages"}],"about":[{"href":"https:\/\/inceptum.de\/dvl\/wp-json\/wp\/v2\/types\/page"}],"author":[{"embeddable":true,"href":"https:\/\/inceptum.de\/dvl\/wp-json\/wp\/v2\/users\/8"}],"replies":[{"embeddable":true,"href":"https:\/\/inceptum.de\/dvl\/wp-json\/wp\/v2\/comments?post=11538"}],"version-history":[{"count":5,"href":"https:\/\/inceptum.de\/dvl\/wp-json\/wp\/v2\/pages\/11538\/revisions"}],"predecessor-version":[{"id":12324,"href":"https:\/\/inceptum.de\/dvl\/wp-json\/wp\/v2\/pages\/11538\/revisions\/12324"}],"wp:attachment":[{"href":"https:\/\/inceptum.de\/dvl\/wp-json\/wp\/v2\/media?parent=11538"}],"curies":[{"name":"wp","href":"https:\/\/api.w.org\/{rel}","templated":true}]}}